{"id":9,"date":"2022-08-24T09:18:54","date_gmt":"2022-08-24T09:18:54","guid":{"rendered":"https:\/\/integrate.indecosoft.ro\/?page_id=9"},"modified":"2024-05-21T11:52:18","modified_gmt":"2024-05-21T11:52:18","slug":"obiective","status":"publish","type":"page","link":"https:\/\/integrate.indecosoft.ro\/index.php\/obiective\/","title":{"rendered":"Obiective"},"content":{"rendered":"\n<p>Prezenta propunere de proiect vizeaz\u0103 \u00eembun\u0103t\u0103\u021birea mijloacelor tehnice ale administra\u021biei publice locale prin integrarea h\u0103r\u021bilor insulei de c\u0103ldur\u0103 urban\u0103 (ICU) detectat\u0103 pe baza temperaturii suprafe\u021belor (LST) extras\u0103 din imaginile satelitare \u00een sistemele informatice &nbsp;utilizate la nivelul administra\u021biei publice locale (realizat\u0103 de coordonatorul de proiect \u0219i furnizat\u0103 beneficiarului \u00eenainte de realizarea acestei propuneri de proiect). H\u0103r\u021bile ICUS vor fi realizate la scar\u0103 anual\u0103 \u0219i anotimpual\u0103, dar \u0219i pentru situa\u021bii cu fenomene meteorologice extreme. &nbsp;Instrumentul nou propus, utilizat ca suport tehnic, se va dovedi extrem de util \u0219i va contribui la luarea unor decizii corespunz\u0103toare \u00een ceea ce prive\u0219te diminuarea efectului de ICU, at\u00e2t \u00een cazul arealului urban existent, c\u00e2t \u0219i \u00een situa\u021bia extinderii suprafe\u021bei urbane. Astfel, \u00een urma implement\u0103rii proiectului propus \u0219i \u00een contextul schimb\u0103rilor climatice actuale deciden\u021bii vor avea la dispozi\u021bie un instrument care s\u0103 permit\u0103 planificarea \u0219i design-ul urban, av\u00e2nd ca scop final cre\u0219terea calit\u0103\u021bii vie\u021bii \u00een ora\u0219, urm\u00e2nd practicile altor areale urbane de la nivel interna\u021bional.<br>Majoritatea componentelor &nbsp;analiz\u0103 a zonelor de clim\u0103 urban\u0103 au fost testate \u00een laboratoarele de cercetare ale UBB. &nbsp;Dup\u0103 revizuirea literaturii de specialitate, algoritmii de calcul au fost testa\u021bi prin intermediul aplica\u021biilor informatice disponibile pe infrastructura de cercetare \u0219i au fost validate \u00een fluxuri de lucru semiatuomate.<br>Nivelul de maturitate tehnologic\u0103 vizat este 6 &#8211; dezvoltarea unei platforme de prototipare \u0219i interconectarea algoritmilor de calcul \u0219i procesare de date. &nbsp;Testarea se va realiza intr-un sistem urban complex. &nbsp;Testele se vor realiza pe infrastructura Indeco Soft \u0219i Creative Space, iar corel\u0103rile vor viza un municipiu re\u0219edin\u021b\u0103 de jude\u021b, client al coordonatorului, astfel \u00eenc\u00e2t sistemul s\u0103 valideze cerin\u021bele tehnice \u0219i procedurale, \u0219i s\u0103 simuleze implementarea real\u0103, func\u021bional\u0103, opera\u021bional\u0103, comercializabil\u0103.<\/p>\n\n\n\n<p>INTEGRATE propune \u00eembun\u0103t\u0103\u0163irea mijloacelor tehnice ale administra\u0163iei publice locale deja existente la nivelul municipalit\u0103\u0163ilor prin integrarea h\u0103r\u0163ilor insulei de caldur\u0103 urban\u0103 a suprafe\u0163elor (ICUS) detectat\u0103 pe baza temperaturii suprafe\u0163elor (LST) extras\u0103 din imaginile satelitare \u00een sistemele informatice utilizate la nivelul administra\u0163iei publice locale, realizat\u0103 de coordonatorul de proiect (CO) \u015fi furnizat\u0103 unui portofoliu consistent de clien\u0163i p\u00e2n\u0103 \u00een prezent. \u00cen cadrul proiectului, h\u0103r\u0163ile ICUS pentru varianta \u201estatic\u0103\u201d realizat\u0103 pe baza datelor istorice, dar \u015fi cea dinamic\u0103 care presupune integarea near-real time a h\u0103r\u0163ilor ICUS vor fi realizate la o rezolu\u0163ie spa\u0163ial\u0103 foarte bun\u0103 (30 m x 30m, cu explorarea posibilit\u0103\u0163ii de cre\u015ftere a acesteia p\u00e2n\u0103 la 15 m x 15 m) \u015fi vor fi integrate \u00een sistemul GIS furnizat de Indeco Soft pentru un ora\u015f-pilot pentru care se vor testa ambele versiuni. H\u0103r\u0163ile realizate pe baza informa\u0163iilor istorice se vor realiza la scara anual\u0103 \u015fi anotimpual\u0103, dar pentru cre\u015fterea acurate\u0163ii \u00een detectarea extinderii \u015fi intensit\u0103\u0163ii ICUS se vor analiza \u015fi situa\u0163iile cu fenomene meteorologice extreme (ex. valurile de c\u0103ldur\u0103), \u00een func\u0163ie de disponibilitatea datelor satelitare. Instrumentul nou propus, utilizat ca suport tehnic, se va dovedi extrem de util \u015fi va contribui la luarea unor decizii corespunz\u0103toare \u00een ceea ce prive\u015fte diminuarea efectului de ICUS, at\u00e2t \u00een cazul arealului urban existent (ex. prin programe de reabilitare termic\u0103\/energetic\u0103), c\u00e2t \u015fi \u00een situa\u0163ia extinderii suprafe\u0163ei urbane, \u00een viitor. Astfel, \u00een urma implement\u0103rii proiectului propus, \u00een contextul schimb\u0103rilor climatice actuale \u015fi \u00een deplin acord cu Pactul Ecologic European, deciden\u0163ii vor avea la dispozi\u0163ie un instrument exterm de util pentru planificarea unor ac\u0163iuni la nivelul municipalit\u0103\u0163ii (Pop et al. 2019), de diminuare a ICUS, respectiv de cre\u015ftere a calit\u0103\u0163ii vie\u0163ii. Astfel,<br>\u2022 componenta \u201estatic\u0103\u201d a aplica\u0163iei, prin identificarea arealelor de tip hot-spot pe baza informa\u0163iilor istorice, va permite: alegerea loca\u0163iilor pentru instalarea punctelor de prim-ajutor \u00een ora\u015f \u00een caz de fenomene meteorologice extreme (ex. valuri de c\u0103ldur\u0103 care sunt intensificate \u00een arealele urbane prin existen\u0163a ICU) (ac\u0163iune pe termen scurt), identificarea tipurilor de \u0163esut urban care genereaz\u0103 areale de tip hot-spot \u015fi care s\u0103 nu fie replicate \u00een dezvoltarea ulterioar\u0103 a ora\u015fului (ac\u0163iune pe termen lung).<br>\u2022 componenta \u201edinamic\u0103\u201d a sistemului (integrarea near-real time) va permite autorit\u0103\u0163ilor locale aplicarea unor ac\u0163iuni de tip urbanism tactic. Astfel, prin analiza unor h\u0103r\u0163i ICUS succesive pre- \u015fi post- implementare este posibil\u0103 eviden\u0163ierea efectului unor m\u0103suri implementate pe termen scurt \u015fi mediu pentru diminuarea arealalor de tip hot-spot din interiorul localit\u0103\u0163ii: de exemplu, umectarea unei zone (simularea unei f\u00e2nt\u00e2ni arteziene), rerutarea pentru o anumit\u0103 perioad\u0103 de timp a unor linii de transport urban (sau utilizarea pe acele linii exclusiv\/preponderent a autobuzelor electrice, tot mai achizi\u0163ionate \u00een ora\u015fele din Rom\u00e2na \u00een ultimii ani) sau amplasarea unor spa\u0163ii verzi \u201eartificiale\u201d (simularea \u00eenlocuirii unor spa\u0163ii asfaltate\/betonate cu spa\u0163ii verzi reale). Pe h\u0103r\u0163ile ICUS succesive se poate vedea diferen\u0163a dintre situa\u0163ia de dinainte \u015fi cea de dup\u0103 realizarea ac\u0163iunii \u201etemporare\u201d, permi\u0163\u00e2nd astfel luarea unei decizii de implementare sau nu a ac\u0163iunii respective \u00een mod permanent.<br>Diminuarea intensit\u0103\u0163ii\/extensiunii arealelor de tip hot-spot conduce la cre\u015fterea calit\u0103\u0163ii vie\u0163ii \u00een mediul urban prin sc\u0103derea stressului termic din semetrul cald al anului, generator de efecte \u00een lan\u0163 ca urmare a impactului asupra s\u0103n\u0103t\u0103\u0163ii umane (Croitoru et al., 2018) \u015fi a diminu\u0103rii capacit\u0103\u0163ii de munc\u0103 a popula\u0163iei (Herbel et al., 2018) \u015fi este un argument puternic pentru realizarea \u015fi prioritizarea unor astfel de investi\u0163ii la nivelul unei municipalit\u0103\u0163i, urm\u00e2nd practicile altor areale urbane de la nivel interna\u0163ional (Moreland, Atlanta, Phoenix, Dallas, Northeast US Urban Archipelago etc.).<br>Componenta static\u0103 va fi livrat\u0103 o singur\u0103 dat\u0103 \u00een timp ce componenta dinamic\u0103 va fi livrat\u0103 beneficiarilor pe baza de abonament. Produsul poate fi comercializat at\u00e2t c\u0103tre municipalit\u0103\u0163ile din arealele urbane, c\u00e2t \u015fi c\u0103tre autorit\u0103\u0163ile locale de la nivelul comunelor situate \u00een zonele limitrofe (metropolitane) ale marilor ora\u015fe care au avut o expansiune teritorial\u0103 consistent\u0103 \u00een ultimii ani.<\/p>\n\n\n<p><strong><em>Obiectiv general<\/em><\/strong><\/p>\n<p><em>Prezenta propunere de proiect vizeaz\u0103 \u00eembun\u0103t\u0103\u021birea mijloacelor tehnice ale administra\u021biei publice locale prin integrarea h\u0103r\u021bilor insulei de c\u0103ldur\u0103 urban\u0103 (ICU) detectat\u0103 pe baza temperaturii suprafe\u021belor (LST) extras\u0103 din imaginile satelitare \u00een sistemele informatice\u00a0 utilizate la nivelul administra\u021biei publice locale (realizat\u0103 de coordonatorul de proiect \u0219i furnizat\u0103 beneficiarului \u00eenainte de realizarea acestei propuneri de proiect).<\/em><\/p>\n<p><em>\u00a0<\/em><\/p>\n<p><strong><em>Obiective specifice<\/em><\/strong><\/p>\n<p><strong><em>OS1. Identificarea arealului pentru studiul-pilot <\/em><\/strong><\/p>\n<p><em>A1.1. Crearea bazei date cu imagini satelitare pentru expansiunea urban\u0103 pe perioada istoric\u0103 \u00een municipalit\u0103\u0163ile clien\u0163i ai CO; <\/em><\/p>\n<p><em>A1.2. Analiza modific\u0103rii arealului construit al suprafe\u0163elor urbane, clien\u0163i ai CO; <\/em><\/p>\n<p><em>A1.3. Consultarea cu clien\u0163ii CO, administra\u0163ii publice locale, pentru prezentarea oportunit\u0103\u0163ii de a participa ca areal-pilot; <\/em><\/p>\n<p><em>A1.4. Alegerea municipalit\u0103\u0163ii pentru studiul-pilot din portofoliul de clien\u0163i ai CO<\/em><\/p>\n<p><strong><em>\u00a0<\/em><\/strong><\/p>\n<p><strong><em>OS2. Analiza ICUS pentru ora\u015ful-pilot <\/em><\/strong><\/p>\n<p><em>A2.1. Extragerea imaginilor satelitare pentru analiza ICUS pe perioada istoric\u0103 pentru ora\u015ful-pilot; <\/em><\/p>\n<p><em>A2.2. Detectarea ICUS pe baza proces\u0103rii imaginilor satelitare \u015fi validarea datelor \u00een teren; <\/em><\/p>\n<p><em>A2.3. Stabilirea tiparelor sezoniere pentru ICUS pentru arealul pilot din imaginile Landsat; <\/em><\/p>\n<p><em>A2.4. Explorarea posibilit\u0103\u0163ii de corela\u0163ie a indicilor deriva\u021bi din imagini Sentinel 2 cu LST din Landsat \u00een vederea cre\u015fterii rezolu\u0163iei spa\u0163iale \u015fi temporale a h\u0103r\u0163ii ICUS; <\/em><\/p>\n<p><em>A2.5. Identificarea \u0163esuturilor urbane care genereaz\u0103 areale de tip hot-spot \u015fi cold-spot; <\/em><\/p>\n<p><em>A2.6. Elaborarea de propuneri pentru remedierea \u00een arealele de tip hot-spot \u00een arealul-pilot. <\/em><\/p>\n<p><em>\u00a0<\/em><\/p>\n<p><strong><em>OS3. Integrarea h\u0103r\u0163ilor sezoniere ICUS ca op\u0163iune \u00een solu\u0163ia oferit\u0103 de CO pentru municipalit\u0103\u0163i <\/em><\/strong><\/p>\n<p><em>A3.1. <\/em><em>Cercetare industrial\u0103 de dezvoltare a algoritmilor automa\u0163i de calcul; <\/em><\/p>\n<p><em>A3.2. Integrarea datelor pentru calculul LST \u0219i a algoritmilor de calcul dezvolta\u021bi \u00een cadrul A2.4 \u00een solu\u021bia GIS existent\u0103 a CO; <\/em><\/p>\n<p><em>A3.3. Generalizarea algoritmilor pentru replicare \u00een alte areale urbane. <\/em><\/p>\n<p><strong><em>\u00a0<\/em><\/strong><\/p>\n<p><strong><em>OS4. Crearea componentei de oferire a h\u0103r\u0163ii ICUS near-real time \u015fi integrarea ei \u00een solu\u0163ia GIS a CO <\/em><\/strong><\/p>\n<p><em>A4.1. Cercetare industrial\u0103 \u00een scopul integr\u0103rii rezultatelor A3.2 \u0219i A3.3 \u00een solu\u021bia front-end a clien\u021bilor CO (pentru analiza de date istorice)<\/em><\/p>\n<p><em>A4.2. Cercetare industrial\u0103 \u00een scopul furniz\u0103rii de servicii near-real time pentru clien\u021bii care utilizeaz\u0103 serviciul recurent.<\/em><\/p>\n<p><strong><em>\u00a0<\/em><\/strong><\/p>\n<p><strong><em>OS5. Diseminarea rezultatelor \u015fi prezentarea produsului <\/em><\/strong><\/p>\n<p><em>A5.1. Crearea \u015fi actualizarea periodic\u0103 a websiteului proiectului <\/em><\/p>\n<p><em>A5.2. Participarea la workshop-uri \u015fi conferin\u0163e \u015ftiin\u0163ifice<\/em><\/p>\n<p><em>A5.3. Publicarea de articole \u015ftiin\u0163ifice <\/em><\/p>\n<p><em>A5.4. Emisiune radio\/tv pentru prezentarea serviciului nou creat <\/em><\/p>\n<p><em>A5.5. Workshop cu clien\u0163ii actuali \u015fi poten\u0163iali ai CO pentru prezentarea serviciului realizat<\/em><\/p>\n\n\n<figure class=\"wp-block-image size-full\"><img fetchpriority=\"high\" decoding=\"async\" width=\"1004\" height=\"502\" src=\"https:\/\/integrate.indecosoft.ro\/wp-content\/uploads\/2022\/12\/MicrosoftTeams-image-9.png\" alt=\"\" class=\"wp-image-301\" srcset=\"https:\/\/integrate.indecosoft.ro\/wp-content\/uploads\/2022\/12\/MicrosoftTeams-image-9.png 1004w, https:\/\/integrate.indecosoft.ro\/wp-content\/uploads\/2022\/12\/MicrosoftTeams-image-9-300x150.png 300w, https:\/\/integrate.indecosoft.ro\/wp-content\/uploads\/2022\/12\/MicrosoftTeams-image-9-768x384.png 768w, https:\/\/integrate.indecosoft.ro\/wp-content\/uploads\/2022\/12\/MicrosoftTeams-image-9-150x75.png 150w\" sizes=\"(max-width: 1004px) 100vw, 1004px\" \/><figcaption class=\"wp-element-caption\">Diagrama Gantt<\/figcaption><\/figure>\n","protected":false},"excerpt":{"rendered":"<p>Prezenta propunere de proiect vizeaz\u0103 \u00eembun\u0103t\u0103\u021birea mijloacelor tehnice ale administra\u021biei publice locale prin integrarea h\u0103r\u021bilor insulei de c\u0103ldur\u0103 urban\u0103 (ICU) detectat\u0103 pe baza temperaturii suprafe\u021belor (LST) extras\u0103 din imaginile satelitare \u00een sistemele informatice &nbsp;utilizate la nivelul administra\u021biei publice locale (realizat\u0103 de coordonatorul de proiect \u0219i furnizat\u0103 beneficiarului \u00eenainte de realizarea&#8230;<\/p>\n<p> <a class=\"continue-reading-link\" href=\"https:\/\/integrate.indecosoft.ro\/index.php\/obiective\/\"><span>Continue reading<\/span><i class=\"crycon-right-dir\"><\/i><\/a> <\/p>\n","protected":false},"author":1,"featured_media":0,"parent":0,"menu_order":0,"comment_status":"closed","ping_status":"closed","template":"","meta":{"footnotes":""},"class_list":["post-9","page","type-page","status-publish","hentry"],"yoast_head":"<!-- This site is optimized with the Yoast SEO plugin v27.2 - https:\/\/yoast.com\/product\/yoast-seo-wordpress\/ -->\n<title>Obiective -<\/title>\n<meta name=\"robots\" content=\"index, follow, max-snippet:-1, max-image-preview:large, max-video-preview:-1\" \/>\n<link rel=\"canonical\" href=\"https:\/\/integrate.indecosoft.ro\/index.php\/obiective\/\" \/>\n<meta property=\"og:locale\" content=\"ro_RO\" \/>\n<meta property=\"og:type\" content=\"article\" \/>\n<meta property=\"og:title\" content=\"Obiective -\" \/>\n<meta property=\"og:description\" content=\"Prezenta propunere de proiect vizeaz\u0103 \u00eembun\u0103t\u0103\u021birea mijloacelor tehnice ale administra\u021biei publice locale prin integrarea h\u0103r\u021bilor insulei de c\u0103ldur\u0103 urban\u0103 (ICU) detectat\u0103 pe baza temperaturii suprafe\u021belor (LST) extras\u0103 din imaginile satelitare \u00een sistemele informatice &nbsp;utilizate la nivelul administra\u021biei publice locale (realizat\u0103 de coordonatorul de proiect \u0219i furnizat\u0103 beneficiarului \u00eenainte de realizarea... Continue reading\" \/>\n<meta property=\"og:url\" content=\"https:\/\/integrate.indecosoft.ro\/index.php\/obiective\/\" \/>\n<meta property=\"article:modified_time\" content=\"2024-05-21T11:52:18+00:00\" \/>\n<meta property=\"og:image\" content=\"https:\/\/integrate.indecosoft.ro\/wp-content\/uploads\/2022\/12\/MicrosoftTeams-image-9.png\" \/>\n<meta name=\"twitter:card\" content=\"summary_large_image\" \/>\n<meta name=\"twitter:label1\" content=\"Timp estimat pentru citire\" \/>\n\t<meta name=\"twitter:data1\" content=\"8 minute\" \/>\n<script type=\"application\/ld+json\" class=\"yoast-schema-graph\">{\"@context\":\"https:\/\/schema.org\",\"@graph\":[{\"@type\":\"WebPage\",\"@id\":\"https:\/\/integrate.indecosoft.ro\/index.php\/obiective\/\",\"url\":\"https:\/\/integrate.indecosoft.ro\/index.php\/obiective\/\",\"name\":\"Obiective -\",\"isPartOf\":{\"@id\":\"https:\/\/integrate.indecosoft.ro\/#website\"},\"primaryImageOfPage\":{\"@id\":\"https:\/\/integrate.indecosoft.ro\/index.php\/obiective\/#primaryimage\"},\"image\":{\"@id\":\"https:\/\/integrate.indecosoft.ro\/index.php\/obiective\/#primaryimage\"},\"thumbnailUrl\":\"https:\/\/integrate.indecosoft.ro\/wp-content\/uploads\/2022\/12\/MicrosoftTeams-image-9.png\",\"datePublished\":\"2022-08-24T09:18:54+00:00\",\"dateModified\":\"2024-05-21T11:52:18+00:00\",\"breadcrumb\":{\"@id\":\"https:\/\/integrate.indecosoft.ro\/index.php\/obiective\/#breadcrumb\"},\"inLanguage\":\"ro-RO\",\"potentialAction\":[{\"@type\":\"ReadAction\",\"target\":[\"https:\/\/integrate.indecosoft.ro\/index.php\/obiective\/\"]}]},{\"@type\":\"ImageObject\",\"inLanguage\":\"ro-RO\",\"@id\":\"https:\/\/integrate.indecosoft.ro\/index.php\/obiective\/#primaryimage\",\"url\":\"https:\/\/integrate.indecosoft.ro\/wp-content\/uploads\/2022\/12\/MicrosoftTeams-image-9.png\",\"contentUrl\":\"https:\/\/integrate.indecosoft.ro\/wp-content\/uploads\/2022\/12\/MicrosoftTeams-image-9.png\",\"width\":1004,\"height\":502},{\"@type\":\"BreadcrumbList\",\"@id\":\"https:\/\/integrate.indecosoft.ro\/index.php\/obiective\/#breadcrumb\",\"itemListElement\":[{\"@type\":\"ListItem\",\"position\":1,\"name\":\"Prima pagin\u0103\",\"item\":\"https:\/\/integrate.indecosoft.ro\/\"},{\"@type\":\"ListItem\",\"position\":2,\"name\":\"Obiective\"}]},{\"@type\":\"WebSite\",\"@id\":\"https:\/\/integrate.indecosoft.ro\/#website\",\"url\":\"https:\/\/integrate.indecosoft.ro\/\",\"name\":\"\",\"description\":\"\",\"potentialAction\":[{\"@type\":\"SearchAction\",\"target\":{\"@type\":\"EntryPoint\",\"urlTemplate\":\"https:\/\/integrate.indecosoft.ro\/?s={search_term_string}\"},\"query-input\":{\"@type\":\"PropertyValueSpecification\",\"valueRequired\":true,\"valueName\":\"search_term_string\"}}],\"inLanguage\":\"ro-RO\"}]}<\/script>\n<!-- \/ Yoast SEO plugin. -->","yoast_head_json":{"title":"Obiective -","robots":{"index":"index","follow":"follow","max-snippet":"max-snippet:-1","max-image-preview":"max-image-preview:large","max-video-preview":"max-video-preview:-1"},"canonical":"https:\/\/integrate.indecosoft.ro\/index.php\/obiective\/","og_locale":"ro_RO","og_type":"article","og_title":"Obiective -","og_description":"Prezenta propunere de proiect vizeaz\u0103 \u00eembun\u0103t\u0103\u021birea mijloacelor tehnice ale administra\u021biei publice locale prin integrarea h\u0103r\u021bilor insulei de c\u0103ldur\u0103 urban\u0103 (ICU) detectat\u0103 pe baza temperaturii suprafe\u021belor (LST) extras\u0103 din imaginile satelitare \u00een sistemele informatice &nbsp;utilizate la nivelul administra\u021biei publice locale (realizat\u0103 de coordonatorul de proiect \u0219i furnizat\u0103 beneficiarului \u00eenainte de realizarea... Continue reading","og_url":"https:\/\/integrate.indecosoft.ro\/index.php\/obiective\/","article_modified_time":"2024-05-21T11:52:18+00:00","og_image":[{"url":"https:\/\/integrate.indecosoft.ro\/wp-content\/uploads\/2022\/12\/MicrosoftTeams-image-9.png","type":"","width":"","height":""}],"twitter_card":"summary_large_image","twitter_misc":{"Timp estimat pentru citire":"8 minute"},"schema":{"@context":"https:\/\/schema.org","@graph":[{"@type":"WebPage","@id":"https:\/\/integrate.indecosoft.ro\/index.php\/obiective\/","url":"https:\/\/integrate.indecosoft.ro\/index.php\/obiective\/","name":"Obiective -","isPartOf":{"@id":"https:\/\/integrate.indecosoft.ro\/#website"},"primaryImageOfPage":{"@id":"https:\/\/integrate.indecosoft.ro\/index.php\/obiective\/#primaryimage"},"image":{"@id":"https:\/\/integrate.indecosoft.ro\/index.php\/obiective\/#primaryimage"},"thumbnailUrl":"https:\/\/integrate.indecosoft.ro\/wp-content\/uploads\/2022\/12\/MicrosoftTeams-image-9.png","datePublished":"2022-08-24T09:18:54+00:00","dateModified":"2024-05-21T11:52:18+00:00","breadcrumb":{"@id":"https:\/\/integrate.indecosoft.ro\/index.php\/obiective\/#breadcrumb"},"inLanguage":"ro-RO","potentialAction":[{"@type":"ReadAction","target":["https:\/\/integrate.indecosoft.ro\/index.php\/obiective\/"]}]},{"@type":"ImageObject","inLanguage":"ro-RO","@id":"https:\/\/integrate.indecosoft.ro\/index.php\/obiective\/#primaryimage","url":"https:\/\/integrate.indecosoft.ro\/wp-content\/uploads\/2022\/12\/MicrosoftTeams-image-9.png","contentUrl":"https:\/\/integrate.indecosoft.ro\/wp-content\/uploads\/2022\/12\/MicrosoftTeams-image-9.png","width":1004,"height":502},{"@type":"BreadcrumbList","@id":"https:\/\/integrate.indecosoft.ro\/index.php\/obiective\/#breadcrumb","itemListElement":[{"@type":"ListItem","position":1,"name":"Prima pagin\u0103","item":"https:\/\/integrate.indecosoft.ro\/"},{"@type":"ListItem","position":2,"name":"Obiective"}]},{"@type":"WebSite","@id":"https:\/\/integrate.indecosoft.ro\/#website","url":"https:\/\/integrate.indecosoft.ro\/","name":"","description":"","potentialAction":[{"@type":"SearchAction","target":{"@type":"EntryPoint","urlTemplate":"https:\/\/integrate.indecosoft.ro\/?s={search_term_string}"},"query-input":{"@type":"PropertyValueSpecification","valueRequired":true,"valueName":"search_term_string"}}],"inLanguage":"ro-RO"}]}},"_links":{"self":[{"href":"https:\/\/integrate.indecosoft.ro\/index.php\/wp-json\/wp\/v2\/pages\/9","targetHints":{"allow":["GET"]}}],"collection":[{"href":"https:\/\/integrate.indecosoft.ro\/index.php\/wp-json\/wp\/v2\/pages"}],"about":[{"href":"https:\/\/integrate.indecosoft.ro\/index.php\/wp-json\/wp\/v2\/types\/page"}],"author":[{"embeddable":true,"href":"https:\/\/integrate.indecosoft.ro\/index.php\/wp-json\/wp\/v2\/users\/1"}],"replies":[{"embeddable":true,"href":"https:\/\/integrate.indecosoft.ro\/index.php\/wp-json\/wp\/v2\/comments?post=9"}],"version-history":[{"count":7,"href":"https:\/\/integrate.indecosoft.ro\/index.php\/wp-json\/wp\/v2\/pages\/9\/revisions"}],"predecessor-version":[{"id":302,"href":"https:\/\/integrate.indecosoft.ro\/index.php\/wp-json\/wp\/v2\/pages\/9\/revisions\/302"}],"wp:attachment":[{"href":"https:\/\/integrate.indecosoft.ro\/index.php\/wp-json\/wp\/v2\/media?parent=9"}],"curies":[{"name":"wp","href":"https:\/\/api.w.org\/{rel}","templated":true}]}}