{"id":6,"date":"2022-08-24T09:18:19","date_gmt":"2022-08-24T09:18:19","guid":{"rendered":"https:\/\/integrate.indecosoft.ro\/?page_id=6"},"modified":"2022-12-05T10:03:16","modified_gmt":"2022-12-05T10:03:16","slug":"acasa","status":"publish","type":"page","link":"https:\/\/integrate.indecosoft.ro\/","title":{"rendered":"Acas\u0103"},"content":{"rendered":"\t\t<div data-elementor-type=\"wp-page\" data-elementor-id=\"6\" class=\"elementor elementor-6\">\n\t\t\t\t\t\t<section class=\"elementor-section elementor-top-section elementor-element elementor-element-966ea0d elementor-section-full_width elementor-section-height-min-height elementor-section-stretched elementor-section-height-default elementor-section-items-middle\" data-id=\"966ea0d\" data-element_type=\"section\" data-e-type=\"section\" data-settings=\"{&quot;stretch_section&quot;:&quot;section-stretched&quot;,&quot;background_background&quot;:&quot;gradient&quot;}\">\n\t\t\t\t\t\t<div class=\"elementor-container elementor-column-gap-default\">\n\t\t\t\t\t<div class=\"elementor-column elementor-col-20 elementor-top-column elementor-element elementor-element-fe528e9\" data-id=\"fe528e9\" data-element_type=\"column\" data-e-type=\"column\">\n\t\t\t<div class=\"elementor-widget-wrap\">\n\t\t\t\t\t\t\t<\/div>\n\t\t<\/div>\n\t\t\t\t<div class=\"elementor-column elementor-col-20 elementor-top-column elementor-element elementor-element-6c52f4e\" data-id=\"6c52f4e\" data-element_type=\"column\" data-e-type=\"column\">\n\t\t\t<div class=\"elementor-widget-wrap elementor-element-populated\">\n\t\t\t\t\t\t<div class=\"elementor-element elementor-element-0431dd2 animated-fast elementor-invisible elementor-widget elementor-widget-heading\" data-id=\"0431dd2\" data-element_type=\"widget\" data-e-type=\"widget\" data-settings=\"{&quot;_animation&quot;:&quot;fadeInLeft&quot;}\" data-widget_type=\"heading.default\">\n\t\t\t\t<div class=\"elementor-widget-container\">\n\t\t\t\t\t<h2 class=\"elementor-heading-title elementor-size-xxl\">INTEGRATE<\/h2>\t\t\t\t<\/div>\n\t\t\t\t<\/div>\n\t\t\t\t<div class=\"elementor-element elementor-element-9a3845e elementor-hidden-mobile elementor-invisible elementor-widget elementor-widget-text-editor\" data-id=\"9a3845e\" data-element_type=\"widget\" data-e-type=\"widget\" data-settings=\"{&quot;_animation&quot;:&quot;fadeIn&quot;}\" data-widget_type=\"text-editor.default\">\n\t\t\t\t<div class=\"elementor-widget-container\">\n\t\t\t\t\t\t\t\t\t<p>enhanc<strong>IN<\/strong>g quali<strong>T<\/strong>y of lif<strong>E<\/strong> throu<strong>G<\/strong>h u<strong>R<\/strong>ban he<strong>AT<\/strong> island ass<strong>E<\/strong>ssment<\/p>\t\t\t\t\t\t\t\t<\/div>\n\t\t\t\t<\/div>\n\t\t\t\t\t<\/div>\n\t\t<\/div>\n\t\t\t\t<div class=\"elementor-column elementor-col-20 elementor-top-column elementor-element elementor-element-4fef13a\" data-id=\"4fef13a\" data-element_type=\"column\" data-e-type=\"column\">\n\t\t\t<div class=\"elementor-widget-wrap elementor-element-populated\">\n\t\t\t\t\t\t<div class=\"elementor-element elementor-element-78c32d5 animated-fast elementor-hidden-mobile elementor-invisible elementor-widget elementor-widget-heading\" data-id=\"78c32d5\" data-element_type=\"widget\" data-e-type=\"widget\" data-settings=\"{&quot;_animation&quot;:&quot;fadeInUp&quot;}\" data-widget_type=\"heading.default\">\n\t\t\t\t<div class=\"elementor-widget-container\">\n\t\t\t\t\t<h2 class=\"elementor-heading-title elementor-size-xxl\">INTEGRITE<\/h2>\t\t\t\t<\/div>\n\t\t\t\t<\/div>\n\t\t\t\t<div class=\"elementor-element elementor-element-b4b3890 elementor-invisible elementor-widget elementor-widget-text-editor\" data-id=\"b4b3890\" data-element_type=\"widget\" data-e-type=\"widget\" data-settings=\"{&quot;_animation&quot;:&quot;fadeInUp&quot;}\" data-widget_type=\"text-editor.default\">\n\t\t\t\t<div class=\"elementor-widget-container\">\n\t\t\t\t\t\t\t\t\t<p>enhanc<strong>IN<\/strong>g quali<strong>T<\/strong>y of lif<strong>E<\/strong> throu<strong>G<\/strong>h<\/p><p>u<strong>R<\/strong>ban he<strong>AT<\/strong> island ass<strong>E<\/strong>ssment<\/p>\t\t\t\t\t\t\t\t<\/div>\n\t\t\t\t<\/div>\n\t\t\t\t\t<\/div>\n\t\t<\/div>\n\t\t\t\t<div class=\"elementor-column elementor-col-20 elementor-top-column elementor-element elementor-element-ba9edce\" data-id=\"ba9edce\" data-element_type=\"column\" data-e-type=\"column\">\n\t\t\t<div class=\"elementor-widget-wrap elementor-element-populated\">\n\t\t\t\t\t\t<div class=\"elementor-element elementor-element-9d8e0f2 elementor-invisible elementor-widget elementor-widget-image\" data-id=\"9d8e0f2\" data-element_type=\"widget\" data-e-type=\"widget\" data-settings=\"{&quot;_animation&quot;:&quot;fadeInRight&quot;}\" data-widget_type=\"image.default\">\n\t\t\t\t<div class=\"elementor-widget-container\">\n\t\t\t\t\t\t\t\t\t\t\t\t\t\t\t<img fetchpriority=\"high\" decoding=\"async\" width=\"638\" height=\"638\" src=\"https:\/\/integrate.indecosoft.ro\/wp-content\/uploads\/2022\/09\/integrate-logo-color-1.png\" class=\"attachment-large size-large wp-image-170\" alt=\"\" srcset=\"https:\/\/integrate.indecosoft.ro\/wp-content\/uploads\/2022\/09\/integrate-logo-color-1.png 638w, https:\/\/integrate.indecosoft.ro\/wp-content\/uploads\/2022\/09\/integrate-logo-color-1-300x300.png 300w, https:\/\/integrate.indecosoft.ro\/wp-content\/uploads\/2022\/09\/integrate-logo-color-1-150x150.png 150w\" sizes=\"(max-width: 638px) 100vw, 638px\" \/>\t\t\t\t\t\t\t\t\t\t\t\t\t\t\t<\/div>\n\t\t\t\t<\/div>\n\t\t\t\t\t<\/div>\n\t\t<\/div>\n\t\t\t\t<div class=\"elementor-column elementor-col-20 elementor-top-column elementor-element elementor-element-fc981bb\" data-id=\"fc981bb\" data-element_type=\"column\" data-e-type=\"column\">\n\t\t\t<div class=\"elementor-widget-wrap\">\n\t\t\t\t\t\t\t<\/div>\n\t\t<\/div>\n\t\t\t\t\t<\/div>\n\t\t<\/section>\n\t\t\t\t<section class=\"elementor-section elementor-top-section elementor-element elementor-element-72172b8 elementor-section-boxed elementor-section-height-default elementor-section-height-default\" data-id=\"72172b8\" data-element_type=\"section\" data-e-type=\"section\">\n\t\t\t\t\t\t<div class=\"elementor-container elementor-column-gap-default\">\n\t\t\t\t\t<div class=\"elementor-column elementor-col-100 elementor-top-column elementor-element elementor-element-da4510c\" data-id=\"da4510c\" data-element_type=\"column\" data-e-type=\"column\">\n\t\t\t<div class=\"elementor-widget-wrap elementor-element-populated\">\n\t\t\t\t\t\t<div class=\"elementor-element elementor-element-4babfbe elementor-widget elementor-widget-spacer\" data-id=\"4babfbe\" data-element_type=\"widget\" data-e-type=\"widget\" data-widget_type=\"spacer.default\">\n\t\t\t\t<div class=\"elementor-widget-container\">\n\t\t\t\t\t\t\t<div class=\"elementor-spacer\">\n\t\t\t<div class=\"elementor-spacer-inner\"><\/div>\n\t\t<\/div>\n\t\t\t\t\t\t<\/div>\n\t\t\t\t<\/div>\n\t\t\t\t\t<\/div>\n\t\t<\/div>\n\t\t\t\t\t<\/div>\n\t\t<\/section>\n\t\t\t\t<section class=\"elementor-section elementor-top-section elementor-element elementor-element-317deb1 elementor-section-boxed elementor-section-height-default elementor-section-height-default\" data-id=\"317deb1\" data-element_type=\"section\" data-e-type=\"section\">\n\t\t\t\t\t\t<div class=\"elementor-container elementor-column-gap-default\">\n\t\t\t\t\t<div class=\"elementor-column elementor-col-100 elementor-top-column elementor-element elementor-element-f9c38be\" data-id=\"f9c38be\" data-element_type=\"column\" data-e-type=\"column\">\n\t\t\t<div class=\"elementor-widget-wrap elementor-element-populated\">\n\t\t\t\t\t\t<div class=\"elementor-element elementor-element-29177ec elementor-widget elementor-widget-heading\" data-id=\"29177ec\" data-element_type=\"widget\" data-e-type=\"widget\" data-widget_type=\"heading.default\">\n\t\t\t\t<div class=\"elementor-widget-container\">\n\t\t\t\t\t<h2 class=\"elementor-heading-title elementor-size-default\">INTEGRATE - \u00cembun\u0103t\u0103\u021birea Calit\u0103\u021bii Vie\u021bii prin Evaluarea Insulei de C\u0103ldur\u0103 Urban\u0103<\/h2>\t\t\t\t<\/div>\n\t\t\t\t<\/div>\n\t\t\t\t<div class=\"elementor-element elementor-element-2a17e5e elementor-widget elementor-widget-heading\" data-id=\"2a17e5e\" data-element_type=\"widget\" data-e-type=\"widget\" data-widget_type=\"heading.default\">\n\t\t\t\t<div class=\"elementor-widget-container\">\n\t\t\t\t\t<h2 class=\"elementor-heading-title elementor-size-default\">Transfer la Operatorul Economic\n\n70PTE din 21\/06\/2022<\/h2>\t\t\t\t<\/div>\n\t\t\t\t<\/div>\n\t\t\t\t\t<\/div>\n\t\t<\/div>\n\t\t\t\t\t<\/div>\n\t\t<\/section>\n\t\t\t\t<section class=\"elementor-section elementor-top-section elementor-element elementor-element-47bfc89 elementor-section-boxed elementor-section-height-default elementor-section-height-default\" data-id=\"47bfc89\" data-element_type=\"section\" data-e-type=\"section\">\n\t\t\t\t\t\t<div class=\"elementor-container elementor-column-gap-default\">\n\t\t\t\t\t<div class=\"elementor-column elementor-col-100 elementor-top-column elementor-element elementor-element-ae46f90\" data-id=\"ae46f90\" data-element_type=\"column\" data-e-type=\"column\">\n\t\t\t<div class=\"elementor-widget-wrap elementor-element-populated\">\n\t\t\t\t\t\t<div class=\"elementor-element elementor-element-b3f0feb elementor-widget elementor-widget-spacer\" data-id=\"b3f0feb\" data-element_type=\"widget\" data-e-type=\"widget\" data-widget_type=\"spacer.default\">\n\t\t\t\t<div class=\"elementor-widget-container\">\n\t\t\t\t\t\t\t<div class=\"elementor-spacer\">\n\t\t\t<div class=\"elementor-spacer-inner\"><\/div>\n\t\t<\/div>\n\t\t\t\t\t\t<\/div>\n\t\t\t\t<\/div>\n\t\t\t\t\t<\/div>\n\t\t<\/div>\n\t\t\t\t\t<\/div>\n\t\t<\/section>\n\t\t\t\t<section class=\"elementor-section elementor-top-section elementor-element elementor-element-fc9ae4e elementor-section-boxed elementor-section-height-default elementor-section-height-default\" data-id=\"fc9ae4e\" data-element_type=\"section\" data-e-type=\"section\">\n\t\t\t\t\t\t<div class=\"elementor-container elementor-column-gap-default\">\n\t\t\t\t\t<div class=\"elementor-column elementor-col-100 elementor-top-column elementor-element elementor-element-8d9791e\" data-id=\"8d9791e\" data-element_type=\"column\" data-e-type=\"column\">\n\t\t\t<div class=\"elementor-widget-wrap elementor-element-populated\">\n\t\t\t\t\t\t<div class=\"elementor-element elementor-element-0b0218a elementor-widget elementor-widget-heading\" data-id=\"0b0218a\" data-element_type=\"widget\" data-e-type=\"widget\" data-widget_type=\"heading.default\">\n\t\t\t\t<div class=\"elementor-widget-container\">\n\t\t\t\t\t<h2 class=\"elementor-heading-title elementor-size-default\">Proiectul este finan\u021bat de<br>Unitatea Executiv\u0103 pentru Finan\u021barea \u00een \u00cenv\u0103\u021b\u0103m\u00e2ntul Superior a Cercet\u0103rii, Dezvolt\u0103rii \u0219i Inov\u0103rii (UEFISCDI)<\/h2>\t\t\t\t<\/div>\n\t\t\t\t<\/div>\n\t\t\t\t\t<\/div>\n\t\t<\/div>\n\t\t\t\t\t<\/div>\n\t\t<\/section>\n\t\t\t\t<section class=\"elementor-section elementor-top-section elementor-element elementor-element-0d36b93 elementor-section-boxed elementor-section-height-default elementor-section-height-default\" data-id=\"0d36b93\" data-element_type=\"section\" data-e-type=\"section\">\n\t\t\t\t\t\t<div class=\"elementor-container elementor-column-gap-default\">\n\t\t\t\t\t<div class=\"elementor-column elementor-col-100 elementor-top-column elementor-element elementor-element-c0f62ed\" data-id=\"c0f62ed\" data-element_type=\"column\" data-e-type=\"column\">\n\t\t\t<div class=\"elementor-widget-wrap elementor-element-populated\">\n\t\t\t\t\t\t<div class=\"elementor-element elementor-element-76636d7 elementor-widget elementor-widget-spacer\" data-id=\"76636d7\" data-element_type=\"widget\" data-e-type=\"widget\" data-widget_type=\"spacer.default\">\n\t\t\t\t<div class=\"elementor-widget-container\">\n\t\t\t\t\t\t\t<div class=\"elementor-spacer\">\n\t\t\t<div class=\"elementor-spacer-inner\"><\/div>\n\t\t<\/div>\n\t\t\t\t\t\t<\/div>\n\t\t\t\t<\/div>\n\t\t\t\t\t<\/div>\n\t\t<\/div>\n\t\t\t\t\t<\/div>\n\t\t<\/section>\n\t\t\t\t<section class=\"elementor-section elementor-top-section elementor-element elementor-element-10b8e5c elementor-section-boxed elementor-section-height-default elementor-section-height-default\" data-id=\"10b8e5c\" data-element_type=\"section\" data-e-type=\"section\">\n\t\t\t\t\t\t<div class=\"elementor-container elementor-column-gap-default\">\n\t\t\t\t\t<div class=\"elementor-column elementor-col-33 elementor-top-column elementor-element elementor-element-10847ad\" data-id=\"10847ad\" data-element_type=\"column\" data-e-type=\"column\">\n\t\t\t<div class=\"elementor-widget-wrap elementor-element-populated\">\n\t\t\t\t\t\t<div class=\"elementor-element elementor-element-f863e93 elementor-view-default elementor-widget elementor-widget-icon\" data-id=\"f863e93\" data-element_type=\"widget\" data-e-type=\"widget\" data-widget_type=\"icon.default\">\n\t\t\t\t<div class=\"elementor-widget-container\">\n\t\t\t\t\t\t\t<div class=\"elementor-icon-wrapper\">\n\t\t\t<div class=\"elementor-icon\">\n\t\t\t<i aria-hidden=\"true\" class=\"fas fa-money-bill\"><\/i>\t\t\t<\/div>\n\t\t<\/div>\n\t\t\t\t\t\t<\/div>\n\t\t\t\t<\/div>\n\t\t\t\t<div class=\"elementor-element elementor-element-09dab04 elementor-widget elementor-widget-heading\" data-id=\"09dab04\" data-element_type=\"widget\" data-e-type=\"widget\" data-widget_type=\"heading.default\">\n\t\t\t\t<div class=\"elementor-widget-container\">\n\t\t\t\t\t<h1 class=\"elementor-heading-title elementor-size-medium\">Bugetul proiectului <\/h1>\t\t\t\t<\/div>\n\t\t\t\t<\/div>\n\t\t\t\t<div class=\"elementor-element elementor-element-0a946e9 elementor-widget elementor-widget-text-editor\" data-id=\"0a946e9\" data-element_type=\"widget\" data-e-type=\"widget\" data-widget_type=\"text-editor.default\">\n\t\t\t\t<div class=\"elementor-widget-container\">\n\t\t\t\t\t\t\t\t\t<p>1.401.808,00<\/p><p>din care 1.193.080,00 din bugetul public \u0219i 208.728,00 cofinan\u021bare a partenerilor priva\u021bi<\/p>\t\t\t\t\t\t\t\t<\/div>\n\t\t\t\t<\/div>\n\t\t\t\t\t<\/div>\n\t\t<\/div>\n\t\t\t\t<div class=\"elementor-column elementor-col-33 elementor-top-column elementor-element elementor-element-e9250d7\" data-id=\"e9250d7\" data-element_type=\"column\" data-e-type=\"column\">\n\t\t\t<div class=\"elementor-widget-wrap elementor-element-populated\">\n\t\t\t\t\t\t<div class=\"elementor-element elementor-element-679d6e3 elementor-view-default elementor-widget elementor-widget-icon\" data-id=\"679d6e3\" data-element_type=\"widget\" data-e-type=\"widget\" data-widget_type=\"icon.default\">\n\t\t\t\t<div class=\"elementor-widget-container\">\n\t\t\t\t\t\t\t<div class=\"elementor-icon-wrapper\">\n\t\t\t<div class=\"elementor-icon\">\n\t\t\t<i aria-hidden=\"true\" class=\"far fa-calendar-alt\"><\/i>\t\t\t<\/div>\n\t\t<\/div>\n\t\t\t\t\t\t<\/div>\n\t\t\t\t<\/div>\n\t\t\t\t<div class=\"elementor-element elementor-element-d5a14ea elementor-widget elementor-widget-heading\" data-id=\"d5a14ea\" data-element_type=\"widget\" data-e-type=\"widget\" data-widget_type=\"heading.default\">\n\t\t\t\t<div class=\"elementor-widget-container\">\n\t\t\t\t\t<h1 class=\"elementor-heading-title elementor-size-medium\">Perioada de implementare<\/h1>\t\t\t\t<\/div>\n\t\t\t\t<\/div>\n\t\t\t\t<div class=\"elementor-element elementor-element-46d1106 elementor-widget elementor-widget-text-editor\" data-id=\"46d1106\" data-element_type=\"widget\" data-e-type=\"widget\" data-widget_type=\"text-editor.default\">\n\t\t\t\t<div class=\"elementor-widget-container\">\n\t\t\t\t\t\t\t\t\t<p>21 iunie 2022 &#8211; 20 iunie 2024<\/p>\t\t\t\t\t\t\t\t<\/div>\n\t\t\t\t<\/div>\n\t\t\t\t\t<\/div>\n\t\t<\/div>\n\t\t\t\t<div class=\"elementor-column elementor-col-33 elementor-top-column elementor-element elementor-element-d25a8c6\" data-id=\"d25a8c6\" data-element_type=\"column\" data-e-type=\"column\">\n\t\t\t<div class=\"elementor-widget-wrap elementor-element-populated\">\n\t\t\t\t\t\t<div class=\"elementor-element elementor-element-4549ccb elementor-view-default elementor-widget elementor-widget-icon\" data-id=\"4549ccb\" data-element_type=\"widget\" data-e-type=\"widget\" data-widget_type=\"icon.default\">\n\t\t\t\t<div class=\"elementor-widget-container\">\n\t\t\t\t\t\t\t<div class=\"elementor-icon-wrapper\">\n\t\t\t<div class=\"elementor-icon\">\n\t\t\t<i aria-hidden=\"true\" class=\"fas fa-barcode\"><\/i>\t\t\t<\/div>\n\t\t<\/div>\n\t\t\t\t\t\t<\/div>\n\t\t\t\t<\/div>\n\t\t\t\t<div class=\"elementor-element elementor-element-013144d elementor-widget elementor-widget-heading\" data-id=\"013144d\" data-element_type=\"widget\" data-e-type=\"widget\" data-widget_type=\"heading.default\">\n\t\t\t\t<div class=\"elementor-widget-container\">\n\t\t\t\t\t<h1 class=\"elementor-heading-title elementor-size-medium\">Codul proiectului <\/h1>\t\t\t\t<\/div>\n\t\t\t\t<\/div>\n\t\t\t\t<div class=\"elementor-element elementor-element-e589e06 elementor-widget elementor-widget-text-editor\" data-id=\"e589e06\" data-element_type=\"widget\" data-e-type=\"widget\" data-widget_type=\"text-editor.default\">\n\t\t\t\t<div class=\"elementor-widget-container\">\n\t\t\t\t\t\t\t\t\t<p>PN III P2-2.1-PTE-2021-0147<\/p>\t\t\t\t\t\t\t\t<\/div>\n\t\t\t\t<\/div>\n\t\t\t\t\t<\/div>\n\t\t<\/div>\n\t\t\t\t\t<\/div>\n\t\t<\/section>\n\t\t\t\t<\/div>\n\t\t","protected":false},"excerpt":{"rendered":"<p>INTEGRATE enhancINg qualiTy of lifE throuGh uRban heAT island assEssment INTEGRITE enhancINg qualiTy of lifE throuGh uRban heAT island assEssment INTEGRATE &#8211; \u00cembun\u0103t\u0103\u021birea Calit\u0103\u021bii Vie\u021bii prin Evaluarea Insulei de C\u0103ldur\u0103 Urban\u0103 Transfer la Operatorul Economic 70PTE din 21\/06\/2022 Proiectul este finan\u021bat deUnitatea Executiv\u0103 pentru Finan\u021barea \u00een \u00cenv\u0103\u021b\u0103m\u00e2ntul Superior a Cercet\u0103rii,&#8230;<\/p>\n<p> <a class=\"continue-reading-link\" href=\"https:\/\/integrate.indecosoft.ro\/\"><span>Continue reading<\/span><i class=\"crycon-right-dir\"><\/i><\/a> <\/p>\n","protected":false},"author":1,"featured_media":0,"parent":0,"menu_order":0,"comment_status":"closed","ping_status":"closed","template":"elementor_header_footer","meta":{"footnotes":""},"class_list":["post-6","page","type-page","status-publish","hentry"],"yoast_head":"<!-- This site is optimized with the Yoast SEO plugin v27.2 - https:\/\/yoast.com\/product\/yoast-seo-wordpress\/ -->\n<title>Acas\u0103 -<\/title>\n<meta name=\"robots\" content=\"index, follow, max-snippet:-1, max-image-preview:large, max-video-preview:-1\" \/>\n<link rel=\"canonical\" href=\"https:\/\/integrate.indecosoft.ro\/\" \/>\n<meta property=\"og:locale\" content=\"ro_RO\" \/>\n<meta property=\"og:type\" content=\"article\" \/>\n<meta property=\"og:title\" content=\"Acas\u0103 -\" \/>\n<meta property=\"og:description\" content=\"INTEGRATE enhancINg qualiTy of lifE throuGh uRban heAT island assEssment INTEGRITE enhancINg qualiTy of lifE throuGh uRban heAT island assEssment INTEGRATE &#8211; \u00cembun\u0103t\u0103\u021birea Calit\u0103\u021bii Vie\u021bii prin Evaluarea Insulei de C\u0103ldur\u0103 Urban\u0103 Transfer la Operatorul Economic 70PTE din 21\/06\/2022 Proiectul este finan\u021bat deUnitatea Executiv\u0103 pentru Finan\u021barea \u00een \u00cenv\u0103\u021b\u0103m\u00e2ntul Superior a Cercet\u0103rii,... Continue reading\" \/>\n<meta property=\"og:url\" content=\"https:\/\/integrate.indecosoft.ro\/\" \/>\n<meta property=\"article:modified_time\" content=\"2022-12-05T10:03:16+00:00\" \/>\n<meta property=\"og:image\" content=\"https:\/\/integrate.indecosoft.ro\/wp-content\/uploads\/2022\/09\/integrate-logo-color-1.png\" \/>\n<meta name=\"twitter:card\" content=\"summary_large_image\" \/>\n<meta name=\"twitter:label1\" content=\"Timp estimat pentru citire\" \/>\n\t<meta name=\"twitter:data1\" content=\"1 minut\" \/>\n<script type=\"application\/ld+json\" class=\"yoast-schema-graph\">{\"@context\":\"https:\/\/schema.org\",\"@graph\":[{\"@type\":\"WebPage\",\"@id\":\"https:\/\/integrate.indecosoft.ro\/\",\"url\":\"https:\/\/integrate.indecosoft.ro\/\",\"name\":\"Acas\u0103 -\",\"isPartOf\":{\"@id\":\"https:\/\/integrate.indecosoft.ro\/#website\"},\"primaryImageOfPage\":{\"@id\":\"https:\/\/integrate.indecosoft.ro\/#primaryimage\"},\"image\":{\"@id\":\"https:\/\/integrate.indecosoft.ro\/#primaryimage\"},\"thumbnailUrl\":\"https:\/\/integrate.indecosoft.ro\/wp-content\/uploads\/2022\/09\/integrate-logo-color-1.png\",\"datePublished\":\"2022-08-24T09:18:19+00:00\",\"dateModified\":\"2022-12-05T10:03:16+00:00\",\"breadcrumb\":{\"@id\":\"https:\/\/integrate.indecosoft.ro\/#breadcrumb\"},\"inLanguage\":\"ro-RO\",\"potentialAction\":[{\"@type\":\"ReadAction\",\"target\":[\"https:\/\/integrate.indecosoft.ro\/\"]}]},{\"@type\":\"ImageObject\",\"inLanguage\":\"ro-RO\",\"@id\":\"https:\/\/integrate.indecosoft.ro\/#primaryimage\",\"url\":\"https:\/\/integrate.indecosoft.ro\/wp-content\/uploads\/2022\/09\/integrate-logo-color-1.png\",\"contentUrl\":\"https:\/\/integrate.indecosoft.ro\/wp-content\/uploads\/2022\/09\/integrate-logo-color-1.png\",\"width\":638,\"height\":638},{\"@type\":\"BreadcrumbList\",\"@id\":\"https:\/\/integrate.indecosoft.ro\/#breadcrumb\",\"itemListElement\":[{\"@type\":\"ListItem\",\"position\":1,\"name\":\"Prima pagin\u0103\",\"item\":\"https:\/\/integrate.indecosoft.ro\/\"},{\"@type\":\"ListItem\",\"position\":2,\"name\":\"Acas\u0103\"}]},{\"@type\":\"WebSite\",\"@id\":\"https:\/\/integrate.indecosoft.ro\/#website\",\"url\":\"https:\/\/integrate.indecosoft.ro\/\",\"name\":\"\",\"description\":\"\",\"potentialAction\":[{\"@type\":\"SearchAction\",\"target\":{\"@type\":\"EntryPoint\",\"urlTemplate\":\"https:\/\/integrate.indecosoft.ro\/?s={search_term_string}\"},\"query-input\":{\"@type\":\"PropertyValueSpecification\",\"valueRequired\":true,\"valueName\":\"search_term_string\"}}],\"inLanguage\":\"ro-RO\"}]}<\/script>\n<!-- \/ Yoast SEO plugin. -->","yoast_head_json":{"title":"Acas\u0103 -","robots":{"index":"index","follow":"follow","max-snippet":"max-snippet:-1","max-image-preview":"max-image-preview:large","max-video-preview":"max-video-preview:-1"},"canonical":"https:\/\/integrate.indecosoft.ro\/","og_locale":"ro_RO","og_type":"article","og_title":"Acas\u0103 -","og_description":"INTEGRATE enhancINg qualiTy of lifE throuGh uRban heAT island assEssment INTEGRITE enhancINg qualiTy of lifE throuGh uRban heAT island assEssment INTEGRATE &#8211; \u00cembun\u0103t\u0103\u021birea Calit\u0103\u021bii Vie\u021bii prin Evaluarea Insulei de C\u0103ldur\u0103 Urban\u0103 Transfer la Operatorul Economic 70PTE din 21\/06\/2022 Proiectul este finan\u021bat deUnitatea Executiv\u0103 pentru Finan\u021barea \u00een \u00cenv\u0103\u021b\u0103m\u00e2ntul Superior a Cercet\u0103rii,... Continue reading","og_url":"https:\/\/integrate.indecosoft.ro\/","article_modified_time":"2022-12-05T10:03:16+00:00","og_image":[{"url":"https:\/\/integrate.indecosoft.ro\/wp-content\/uploads\/2022\/09\/integrate-logo-color-1.png","type":"","width":"","height":""}],"twitter_card":"summary_large_image","twitter_misc":{"Timp estimat pentru citire":"1 minut"},"schema":{"@context":"https:\/\/schema.org","@graph":[{"@type":"WebPage","@id":"https:\/\/integrate.indecosoft.ro\/","url":"https:\/\/integrate.indecosoft.ro\/","name":"Acas\u0103 -","isPartOf":{"@id":"https:\/\/integrate.indecosoft.ro\/#website"},"primaryImageOfPage":{"@id":"https:\/\/integrate.indecosoft.ro\/#primaryimage"},"image":{"@id":"https:\/\/integrate.indecosoft.ro\/#primaryimage"},"thumbnailUrl":"https:\/\/integrate.indecosoft.ro\/wp-content\/uploads\/2022\/09\/integrate-logo-color-1.png","datePublished":"2022-08-24T09:18:19+00:00","dateModified":"2022-12-05T10:03:16+00:00","breadcrumb":{"@id":"https:\/\/integrate.indecosoft.ro\/#breadcrumb"},"inLanguage":"ro-RO","potentialAction":[{"@type":"ReadAction","target":["https:\/\/integrate.indecosoft.ro\/"]}]},{"@type":"ImageObject","inLanguage":"ro-RO","@id":"https:\/\/integrate.indecosoft.ro\/#primaryimage","url":"https:\/\/integrate.indecosoft.ro\/wp-content\/uploads\/2022\/09\/integrate-logo-color-1.png","contentUrl":"https:\/\/integrate.indecosoft.ro\/wp-content\/uploads\/2022\/09\/integrate-logo-color-1.png","width":638,"height":638},{"@type":"BreadcrumbList","@id":"https:\/\/integrate.indecosoft.ro\/#breadcrumb","itemListElement":[{"@type":"ListItem","position":1,"name":"Prima pagin\u0103","item":"https:\/\/integrate.indecosoft.ro\/"},{"@type":"ListItem","position":2,"name":"Acas\u0103"}]},{"@type":"WebSite","@id":"https:\/\/integrate.indecosoft.ro\/#website","url":"https:\/\/integrate.indecosoft.ro\/","name":"","description":"","potentialAction":[{"@type":"SearchAction","target":{"@type":"EntryPoint","urlTemplate":"https:\/\/integrate.indecosoft.ro\/?s={search_term_string}"},"query-input":{"@type":"PropertyValueSpecification","valueRequired":true,"valueName":"search_term_string"}}],"inLanguage":"ro-RO"}]}},"_links":{"self":[{"href":"https:\/\/integrate.indecosoft.ro\/index.php\/wp-json\/wp\/v2\/pages\/6","targetHints":{"allow":["GET"]}}],"collection":[{"href":"https:\/\/integrate.indecosoft.ro\/index.php\/wp-json\/wp\/v2\/pages"}],"about":[{"href":"https:\/\/integrate.indecosoft.ro\/index.php\/wp-json\/wp\/v2\/types\/page"}],"author":[{"embeddable":true,"href":"https:\/\/integrate.indecosoft.ro\/index.php\/wp-json\/wp\/v2\/users\/1"}],"replies":[{"embeddable":true,"href":"https:\/\/integrate.indecosoft.ro\/index.php\/wp-json\/wp\/v2\/comments?post=6"}],"version-history":[{"count":59,"href":"https:\/\/integrate.indecosoft.ro\/index.php\/wp-json\/wp\/v2\/pages\/6\/revisions"}],"predecessor-version":[{"id":343,"href":"https:\/\/integrate.indecosoft.ro\/index.php\/wp-json\/wp\/v2\/pages\/6\/revisions\/343"}],"wp:attachment":[{"href":"https:\/\/integrate.indecosoft.ro\/index.php\/wp-json\/wp\/v2\/media?parent=6"}],"curies":[{"name":"wp","href":"https:\/\/api.w.org\/{rel}","templated":true}]}}