{"id":356,"date":"2023-12-04T20:02:34","date_gmt":"2023-12-04T20:02:34","guid":{"rendered":"https:\/\/integrate.indecosoft.ro\/?page_id=356"},"modified":"2024-06-17T05:26:53","modified_gmt":"2024-06-17T05:26:53","slug":"participari-la-conferinte-stiintifice","status":"publish","type":"page","link":"https:\/\/integrate.indecosoft.ro\/index.php\/participari-la-conferinte-stiintifice\/","title":{"rendered":"Participari la conferin\u0163e \u015ftiintifice"},"content":{"rendered":"\t\t<div data-elementor-type=\"wp-page\" data-elementor-id=\"356\" class=\"elementor elementor-356\">\n\t\t\t\t\t\t<section class=\"elementor-section elementor-top-section elementor-element elementor-element-03ca867 elementor-section-boxed elementor-section-height-default elementor-section-height-default\" data-id=\"03ca867\" data-element_type=\"section\" data-e-type=\"section\">\n\t\t\t\t\t\t<div class=\"elementor-container elementor-column-gap-default\">\n\t\t\t\t\t<div class=\"elementor-column elementor-col-33 elementor-top-column elementor-element elementor-element-899c0b5\" data-id=\"899c0b5\" data-element_type=\"column\" data-e-type=\"column\">\n\t\t\t<div class=\"elementor-widget-wrap elementor-element-populated\">\n\t\t\t\t\t\t<div class=\"elementor-element elementor-element-880dc3f elementor-widget elementor-widget-image\" data-id=\"880dc3f\" data-element_type=\"widget\" data-e-type=\"widget\" data-widget_type=\"image.default\">\n\t\t\t\t<div class=\"elementor-widget-container\">\n\t\t\t\t\t\t\t\t\t\t\t\t\t\t\t\t<a href=\"https:\/\/meetingorganizer.copernicus.org\/EGU24\/EGU24-11609.html\">\n\t\t\t\t\t\t\t<img fetchpriority=\"high\" decoding=\"async\" width=\"900\" height=\"489\" src=\"https:\/\/integrate.indecosoft.ro\/wp-content\/uploads\/2024\/06\/6-1-e1718601360573-1024x556.png\" class=\"attachment-large size-large wp-image-499\" alt=\"\" srcset=\"https:\/\/integrate.indecosoft.ro\/wp-content\/uploads\/2024\/06\/6-1-e1718601360573-1024x556.png 1024w, https:\/\/integrate.indecosoft.ro\/wp-content\/uploads\/2024\/06\/6-1-e1718601360573-300x163.png 300w, https:\/\/integrate.indecosoft.ro\/wp-content\/uploads\/2024\/06\/6-1-e1718601360573-768x417.png 768w, https:\/\/integrate.indecosoft.ro\/wp-content\/uploads\/2024\/06\/6-1-e1718601360573-1536x834.png 1536w, https:\/\/integrate.indecosoft.ro\/wp-content\/uploads\/2024\/06\/6-1-e1718601360573-2048x1112.png 2048w, https:\/\/integrate.indecosoft.ro\/wp-content\/uploads\/2024\/06\/6-1-e1718601360573-150x81.png 150w\" sizes=\"(max-width: 900px) 100vw, 900px\" \/>\t\t\t\t\t\t\t\t<\/a>\n\t\t\t\t\t\t\t\t\t\t\t\t\t\t\t<\/div>\n\t\t\t\t<\/div>\n\t\t\t\t<div class=\"elementor-element elementor-element-88ac802 elementor-widget elementor-widget-text-editor\" data-id=\"88ac802\" data-element_type=\"widget\" data-e-type=\"widget\" data-widget_type=\"text-editor.default\">\n\t\t\t\t<div class=\"elementor-widget-container\">\n\t\t\t\t\t\t\t\t\t<p>Insulele de c\u0103ldur\u0103 urbane (UHI) reprezint\u0103 din ce \u00een ce mai mult provoc\u0103ri critice pentru mediile urbane \u0219i bun\u0103starea uman\u0103. Ca r\u0103spuns, propunem o metodologie nou\u0103 pentru a identifica punctele fierbin\u021bi ale insulelor de c\u0103ldur\u0103 urbane (UHIH) pentru a aborda nevoia urgent\u0103 de strategii eficiente de management \u0219i atenuare. Cercetarea noastr\u0103 introduce conceptul inovator de detectare \u0219i clasificare direct\u0103 a UHIH, oferind un cadru pentru p\u0103r\u021bile interesate de planificare urban\u0103 pentru a prioritiza zonele pentru regenerare pe baza severit\u0103\u021bii UHIH.<\/p>\t\t\t\t\t\t\t\t<\/div>\n\t\t\t\t<\/div>\n\t\t\t\t\t<\/div>\n\t\t<\/div>\n\t\t\t\t<div class=\"elementor-column elementor-col-33 elementor-top-column elementor-element elementor-element-8ce7173\" data-id=\"8ce7173\" data-element_type=\"column\" data-e-type=\"column\">\n\t\t\t<div class=\"elementor-widget-wrap elementor-element-populated\">\n\t\t\t\t\t\t<div class=\"elementor-element elementor-element-3908d4b elementor-widget elementor-widget-image\" data-id=\"3908d4b\" data-element_type=\"widget\" data-e-type=\"widget\" data-widget_type=\"image.default\">\n\t\t\t\t<div class=\"elementor-widget-container\">\n\t\t\t\t\t\t\t\t\t\t\t\t\t\t\t\t<a href=\"https:\/\/integrate.indecosoft.ro\/wp-content\/uploads\/2022\/12\/A-review-on-urban-heat-island-in-Eastern-Europe-work-in-progress.pdf\">\n\t\t\t\t\t\t\t<img decoding=\"async\" width=\"900\" height=\"501\" src=\"https:\/\/integrate.indecosoft.ro\/wp-content\/uploads\/2024\/06\/5-1024x570.png\" class=\"attachment-large size-large wp-image-497\" alt=\"\" srcset=\"https:\/\/integrate.indecosoft.ro\/wp-content\/uploads\/2024\/06\/5-1024x570.png 1024w, https:\/\/integrate.indecosoft.ro\/wp-content\/uploads\/2024\/06\/5-300x167.png 300w, https:\/\/integrate.indecosoft.ro\/wp-content\/uploads\/2024\/06\/5-768x428.png 768w, https:\/\/integrate.indecosoft.ro\/wp-content\/uploads\/2024\/06\/5-1536x855.png 1536w, https:\/\/integrate.indecosoft.ro\/wp-content\/uploads\/2024\/06\/5-150x84.png 150w, https:\/\/integrate.indecosoft.ro\/wp-content\/uploads\/2024\/06\/5.png 1586w\" sizes=\"(max-width: 900px) 100vw, 900px\" \/>\t\t\t\t\t\t\t\t<\/a>\n\t\t\t\t\t\t\t\t\t\t\t\t\t\t\t<\/div>\n\t\t\t\t<\/div>\n\t\t\t\t<div class=\"elementor-element elementor-element-955d802 elementor-widget elementor-widget-text-editor\" data-id=\"955d802\" data-element_type=\"widget\" data-e-type=\"widget\" data-widget_type=\"text-editor.default\">\n\t\t\t\t<div class=\"elementor-widget-container\">\n\t\t\t\t\t\t\t\t\t<p>\u00cen a doua jum\u0103tate a secolului XX, implementarea modelului sovietic \u00een Europa de Est a indus schimb\u0103ri substan\u021biale \u00een mediul termic al ora\u0219elor socialiste.<\/p><p>Industrializarea for\u021bat\u0103 a determinat expansiunea urban\u0103 \u00eentr-un ritm nemai\u00eent\u00e2lnit p\u00e2n\u0103 acum, cu consecin\u021be asupra calit\u0103\u021bii mediului, inclusiv asupra climatului urban.<\/p><p>O cre\u0219tere brusc\u0103 a \u00eenc\u0103rc\u0103turii termice a fost experimentat\u0103 de ora\u0219ele est-europene, odat\u0103 cu construirea a numeroase blocuri de mare densitate menite s\u0103 sus\u021bin\u0103 campaniile masive de urbanizare ini\u021biate de regimurile comuniste.<\/p>\t\t\t\t\t\t\t\t<\/div>\n\t\t\t\t<\/div>\n\t\t\t\t\t<\/div>\n\t\t<\/div>\n\t\t\t\t<div class=\"elementor-column elementor-col-33 elementor-top-column elementor-element elementor-element-7dfbca0\" data-id=\"7dfbca0\" data-element_type=\"column\" data-e-type=\"column\">\n\t\t\t<div class=\"elementor-widget-wrap elementor-element-populated\">\n\t\t\t\t\t\t<div class=\"elementor-element elementor-element-b12e1f5 elementor-widget elementor-widget-image\" data-id=\"b12e1f5\" data-element_type=\"widget\" data-e-type=\"widget\" data-widget_type=\"image.default\">\n\t\t\t\t<div class=\"elementor-widget-container\">\n\t\t\t\t\t\t\t\t\t\t\t\t\t\t\t\t<a href=\"https:\/\/integrate.indecosoft.ro\/wp-content\/uploads\/2022\/12\/Integrate_Iasi.pdf\">\n\t\t\t\t\t\t\t<img decoding=\"async\" width=\"900\" height=\"504\" src=\"https:\/\/integrate.indecosoft.ro\/wp-content\/uploads\/2024\/06\/4-1024x574.png\" class=\"attachment-large size-large wp-image-496\" alt=\"\" srcset=\"https:\/\/integrate.indecosoft.ro\/wp-content\/uploads\/2024\/06\/4-1024x574.png 1024w, https:\/\/integrate.indecosoft.ro\/wp-content\/uploads\/2024\/06\/4-300x168.png 300w, https:\/\/integrate.indecosoft.ro\/wp-content\/uploads\/2024\/06\/4-768x431.png 768w, https:\/\/integrate.indecosoft.ro\/wp-content\/uploads\/2024\/06\/4-1536x861.png 1536w, https:\/\/integrate.indecosoft.ro\/wp-content\/uploads\/2024\/06\/4-150x84.png 150w, https:\/\/integrate.indecosoft.ro\/wp-content\/uploads\/2024\/06\/4.png 1587w\" sizes=\"(max-width: 900px) 100vw, 900px\" \/>\t\t\t\t\t\t\t\t<\/a>\n\t\t\t\t\t\t\t\t\t\t\t\t\t\t\t<\/div>\n\t\t\t\t<\/div>\n\t\t\t\t\t<\/div>\n\t\t<\/div>\n\t\t\t\t\t<\/div>\n\t\t<\/section>\n\t\t\t\t<section class=\"elementor-section elementor-top-section elementor-element elementor-element-8dfbd12 elementor-section-boxed elementor-section-height-default elementor-section-height-default\" data-id=\"8dfbd12\" data-element_type=\"section\" data-e-type=\"section\">\n\t\t\t\t\t\t<div class=\"elementor-container elementor-column-gap-default\">\n\t\t\t\t\t<div class=\"elementor-column elementor-col-33 elementor-top-column elementor-element elementor-element-84504c7\" data-id=\"84504c7\" data-element_type=\"column\" data-e-type=\"column\">\n\t\t\t<div class=\"elementor-widget-wrap elementor-element-populated\">\n\t\t\t\t\t\t<div class=\"elementor-element elementor-element-6e64c6c elementor-widget elementor-widget-image\" data-id=\"6e64c6c\" data-element_type=\"widget\" data-e-type=\"widget\" data-widget_type=\"image.default\">\n\t\t\t\t<div class=\"elementor-widget-container\">\n\t\t\t\t\t\t\t\t\t\t\t\t\t\t\t\t<a href=\"https:\/\/integrate.indecosoft.ro\/wp-content\/uploads\/2023\/12\/Horvath_et_al_Integrate_Iasi_2023_UHIH_algorithm.pdf\">\n\t\t\t\t\t\t\t<img loading=\"lazy\" decoding=\"async\" width=\"900\" height=\"505\" src=\"https:\/\/integrate.indecosoft.ro\/wp-content\/uploads\/2024\/06\/3-1024x575.png\" class=\"attachment-large size-large wp-image-495\" alt=\"\" srcset=\"https:\/\/integrate.indecosoft.ro\/wp-content\/uploads\/2024\/06\/3-1024x575.png 1024w, https:\/\/integrate.indecosoft.ro\/wp-content\/uploads\/2024\/06\/3-300x168.png 300w, https:\/\/integrate.indecosoft.ro\/wp-content\/uploads\/2024\/06\/3-768x431.png 768w, https:\/\/integrate.indecosoft.ro\/wp-content\/uploads\/2024\/06\/3-1536x862.png 1536w, https:\/\/integrate.indecosoft.ro\/wp-content\/uploads\/2024\/06\/3-150x84.png 150w, https:\/\/integrate.indecosoft.ro\/wp-content\/uploads\/2024\/06\/3.png 1588w\" sizes=\"(max-width: 900px) 100vw, 900px\" \/>\t\t\t\t\t\t\t\t<\/a>\n\t\t\t\t\t\t\t\t\t\t\t\t\t\t\t<\/div>\n\t\t\t\t<\/div>\n\t\t\t\t<div class=\"elementor-element elementor-element-3f396fa elementor-widget elementor-widget-text-editor\" data-id=\"3f396fa\" data-element_type=\"widget\" data-e-type=\"widget\" data-widget_type=\"text-editor.default\">\n\t\t\t\t<div class=\"elementor-widget-container\">\n\t\t\t\t\t\t\t\t\t<p>Insulele de c\u0103ldur\u0103 urbane (UHI) reprezint\u0103 din ce \u00een ce mai mult provoc\u0103ri critice pentru mediile urbane \u0219i bun\u0103starea uman\u0103.<\/p><p>Cercetarea prezint\u0103 o abordare cuprinz\u0103toare a identific\u0103rii automate a hotspot-urilor UHI, abord\u00e2nd nevoia stringent\u0103 de management \u0219i atenuare eficient\u0103.<br \/>strategii.<br \/>Noi propunem:<br \/>\u2022 Un nou concept: clasamentul hotspot-urilor;<br \/>\u2022 Un nou algoritm pentru detectarea hotspot-ului;<br \/>\u2022 Un nou instrument pentru detectarea automat\u0103 \u0219i clasarea punctelor fierbin\u021bi.<\/p>\t\t\t\t\t\t\t\t<\/div>\n\t\t\t\t<\/div>\n\t\t\t\t\t<\/div>\n\t\t<\/div>\n\t\t\t\t<div class=\"elementor-column elementor-col-33 elementor-top-column elementor-element elementor-element-638b526\" data-id=\"638b526\" data-element_type=\"column\" data-e-type=\"column\">\n\t\t\t<div class=\"elementor-widget-wrap elementor-element-populated\">\n\t\t\t\t\t\t<div class=\"elementor-element elementor-element-a9bd19e elementor-widget elementor-widget-image\" data-id=\"a9bd19e\" data-element_type=\"widget\" data-e-type=\"widget\" data-widget_type=\"image.default\">\n\t\t\t\t<div class=\"elementor-widget-container\">\n\t\t\t\t\t\t\t\t\t\t\t\t\t\t\t\t<a href=\"https:\/\/integrate.indecosoft.ro\/wp-content\/uploads\/2023\/12\/Horvath_et_al_Integrate_Iasi_2023_rezolution_improvement.pdf\">\n\t\t\t\t\t\t\t<img loading=\"lazy\" decoding=\"async\" width=\"900\" height=\"504\" src=\"https:\/\/integrate.indecosoft.ro\/wp-content\/uploads\/2024\/06\/2-1024x573.png\" class=\"attachment-large size-large wp-image-494\" alt=\"\" srcset=\"https:\/\/integrate.indecosoft.ro\/wp-content\/uploads\/2024\/06\/2-1024x573.png 1024w, https:\/\/integrate.indecosoft.ro\/wp-content\/uploads\/2024\/06\/2-300x168.png 300w, https:\/\/integrate.indecosoft.ro\/wp-content\/uploads\/2024\/06\/2-768x430.png 768w, https:\/\/integrate.indecosoft.ro\/wp-content\/uploads\/2024\/06\/2-1536x860.png 1536w, https:\/\/integrate.indecosoft.ro\/wp-content\/uploads\/2024\/06\/2-150x84.png 150w, https:\/\/integrate.indecosoft.ro\/wp-content\/uploads\/2024\/06\/2.png 1592w\" sizes=\"(max-width: 900px) 100vw, 900px\" \/>\t\t\t\t\t\t\t\t<\/a>\n\t\t\t\t\t\t\t\t\t\t\t\t\t\t\t<\/div>\n\t\t\t\t<\/div>\n\t\t\t\t<div class=\"elementor-element elementor-element-3035fbf elementor-widget elementor-widget-text-editor\" data-id=\"3035fbf\" data-element_type=\"widget\" data-e-type=\"widget\" data-widget_type=\"text-editor.default\">\n\t\t\t\t<div class=\"elementor-widget-container\">\n\t\t\t\t\t\t\t\t\t<p>Imaginile prin satelit cu infraro\u0219u termic (TIR) \u200b\u200bsunt esen\u021biale pentru cartografierea temperaturii globale a suprafe\u021bei terestre (LST).<\/p><p>Rezolu\u021bia spa\u021bial\u0103 a benzilor TIR este de obicei mai grosier\u0103 dec\u00e2t benzile multispectrale cu lungime de und\u0103 mai scurt\u0103, limit\u00e2nd rezolu\u021bia LST la aproximativ 100 de metri.<\/p><p>\u00cen mediile urbane complexe, este adesea necesar un model spa\u021bial LST mai fin. \u00cen timp ce senzorul TIRS de la NASA de la bordul Landsat 8, Landsat 9 \u0219i ASTER de la bordul Terra ofer\u0103 o rezolu\u021bie spa\u021bial\u0103 termic\u0103 mai mare, Sentinel-2 de la ESA ofer\u0103 o rezolu\u021bie spa\u021bial\u0103 mai fin\u0103 \u00een imagini multispectrale (10 metri), dar nu are scanare TIR.<\/p>\t\t\t\t\t\t\t\t<\/div>\n\t\t\t\t<\/div>\n\t\t\t\t\t<\/div>\n\t\t<\/div>\n\t\t\t\t<div class=\"elementor-column elementor-col-33 elementor-top-column elementor-element elementor-element-12dbbb1\" data-id=\"12dbbb1\" data-element_type=\"column\" data-e-type=\"column\">\n\t\t\t<div class=\"elementor-widget-wrap elementor-element-populated\">\n\t\t\t\t\t\t<div class=\"elementor-element elementor-element-39fbc23 elementor-widget elementor-widget-image\" data-id=\"39fbc23\" data-element_type=\"widget\" data-e-type=\"widget\" data-widget_type=\"image.default\">\n\t\t\t\t<div class=\"elementor-widget-container\">\n\t\t\t\t\t\t\t\t\t\t\t\t\t\t\t\t<a href=\"https:\/\/integrate.indecosoft.ro\/wp-content\/uploads\/2023\/12\/Croitoru_et_al_Integrate_Bucuresti_2023_Hotspot-detection.pdf\">\n\t\t\t\t\t\t\t<img loading=\"lazy\" decoding=\"async\" width=\"900\" height=\"503\" src=\"https:\/\/integrate.indecosoft.ro\/wp-content\/uploads\/2024\/06\/1-1024x572.png\" class=\"attachment-large size-large wp-image-493\" alt=\"\" srcset=\"https:\/\/integrate.indecosoft.ro\/wp-content\/uploads\/2024\/06\/1-1024x572.png 1024w, https:\/\/integrate.indecosoft.ro\/wp-content\/uploads\/2024\/06\/1-300x168.png 300w, https:\/\/integrate.indecosoft.ro\/wp-content\/uploads\/2024\/06\/1-768x429.png 768w, https:\/\/integrate.indecosoft.ro\/wp-content\/uploads\/2024\/06\/1-1536x858.png 1536w, https:\/\/integrate.indecosoft.ro\/wp-content\/uploads\/2024\/06\/1-150x84.png 150w, https:\/\/integrate.indecosoft.ro\/wp-content\/uploads\/2024\/06\/1.png 1588w\" sizes=\"(max-width: 900px) 100vw, 900px\" \/>\t\t\t\t\t\t\t\t<\/a>\n\t\t\t\t\t\t\t\t\t\t\t\t\t\t\t<\/div>\n\t\t\t\t<\/div>\n\t\t\t\t<div class=\"elementor-element elementor-element-7479d9d elementor-widget elementor-widget-text-editor\" data-id=\"7479d9d\" data-element_type=\"widget\" data-e-type=\"widget\" data-widget_type=\"text-editor.default\">\n\t\t\t\t<div class=\"elementor-widget-container\">\n\t\t\t\t\t\t\t\t\t<p>Cre\u0219terea prevalen\u021bei insulelor de c\u0103ldur\u0103 urban\u0103 (UHI) pune provoc\u0103ri semnificative pentru mediile urbane \u0219i bun\u0103starea uman\u0103.<\/p><p>Ca r\u0103spuns, propunem o metodologie nou\u0103 pentru a identifica punctele fierbin\u021bi ale insulelor de c\u0103ldur\u0103 urbane (UHIH) pentru a aborda nevoia urgent\u0103 de strategii eficiente de management \u0219i atenuare.<\/p>\t\t\t\t\t\t\t\t<\/div>\n\t\t\t\t<\/div>\n\t\t\t\t\t<\/div>\n\t\t<\/div>\n\t\t\t\t\t<\/div>\n\t\t<\/section>\n\t\t\t\t<\/div>\n\t\t","protected":false},"excerpt":{"rendered":"<p>Insulele de c\u0103ldur\u0103 urbane (UHI) reprezint\u0103 din ce \u00een ce mai mult provoc\u0103ri critice pentru mediile urbane \u0219i bun\u0103starea uman\u0103. Ca r\u0103spuns, propunem o metodologie nou\u0103 pentru a identifica punctele fierbin\u021bi ale insulelor de c\u0103ldur\u0103 urbane (UHIH) pentru a aborda nevoia urgent\u0103 de strategii eficiente de management \u0219i atenuare. Cercetarea&#8230;<\/p>\n<p> <a class=\"continue-reading-link\" href=\"https:\/\/integrate.indecosoft.ro\/index.php\/participari-la-conferinte-stiintifice\/\"><span>Continue reading<\/span><i class=\"crycon-right-dir\"><\/i><\/a> <\/p>\n","protected":false},"author":1,"featured_media":0,"parent":0,"menu_order":0,"comment_status":"closed","ping_status":"closed","template":"","meta":{"footnotes":""},"class_list":["post-356","page","type-page","status-publish","hentry"],"yoast_head":"<!-- This site is optimized with the Yoast SEO plugin v27.2 - https:\/\/yoast.com\/product\/yoast-seo-wordpress\/ -->\n<title>Participari la conferin\u0163e \u015ftiintifice -<\/title>\n<meta name=\"robots\" content=\"index, follow, max-snippet:-1, max-image-preview:large, max-video-preview:-1\" \/>\n<link rel=\"canonical\" href=\"https:\/\/integrate.indecosoft.ro\/index.php\/participari-la-conferinte-stiintifice\/\" \/>\n<meta property=\"og:locale\" content=\"ro_RO\" \/>\n<meta property=\"og:type\" content=\"article\" \/>\n<meta property=\"og:title\" content=\"Participari la conferin\u0163e \u015ftiintifice -\" \/>\n<meta property=\"og:description\" content=\"Insulele de c\u0103ldur\u0103 urbane (UHI) reprezint\u0103 din ce \u00een ce mai mult provoc\u0103ri critice pentru mediile urbane \u0219i bun\u0103starea uman\u0103. Ca r\u0103spuns, propunem o metodologie nou\u0103 pentru a identifica punctele fierbin\u021bi ale insulelor de c\u0103ldur\u0103 urbane (UHIH) pentru a aborda nevoia urgent\u0103 de strategii eficiente de management \u0219i atenuare. Cercetarea... Continue reading\" \/>\n<meta property=\"og:url\" content=\"https:\/\/integrate.indecosoft.ro\/index.php\/participari-la-conferinte-stiintifice\/\" \/>\n<meta property=\"article:modified_time\" content=\"2024-06-17T05:26:53+00:00\" \/>\n<meta property=\"og:image\" content=\"https:\/\/integrate.indecosoft.ro\/wp-content\/uploads\/2024\/06\/6-1-e1718601360573-1024x556.png\" \/>\n<meta name=\"twitter:card\" content=\"summary_large_image\" \/>\n<meta name=\"twitter:label1\" content=\"Timp estimat pentru citire\" \/>\n\t<meta name=\"twitter:data1\" content=\"4 minute\" \/>\n<script type=\"application\/ld+json\" class=\"yoast-schema-graph\">{\"@context\":\"https:\/\/schema.org\",\"@graph\":[{\"@type\":\"WebPage\",\"@id\":\"https:\/\/integrate.indecosoft.ro\/index.php\/participari-la-conferinte-stiintifice\/\",\"url\":\"https:\/\/integrate.indecosoft.ro\/index.php\/participari-la-conferinte-stiintifice\/\",\"name\":\"Participari la conferin\u0163e \u015ftiintifice -\",\"isPartOf\":{\"@id\":\"https:\/\/integrate.indecosoft.ro\/#website\"},\"primaryImageOfPage\":{\"@id\":\"https:\/\/integrate.indecosoft.ro\/index.php\/participari-la-conferinte-stiintifice\/#primaryimage\"},\"image\":{\"@id\":\"https:\/\/integrate.indecosoft.ro\/index.php\/participari-la-conferinte-stiintifice\/#primaryimage\"},\"thumbnailUrl\":\"https:\/\/integrate.indecosoft.ro\/wp-content\/uploads\/2024\/06\/6-1-e1718601360573-1024x556.png\",\"datePublished\":\"2023-12-04T20:02:34+00:00\",\"dateModified\":\"2024-06-17T05:26:53+00:00\",\"breadcrumb\":{\"@id\":\"https:\/\/integrate.indecosoft.ro\/index.php\/participari-la-conferinte-stiintifice\/#breadcrumb\"},\"inLanguage\":\"ro-RO\",\"potentialAction\":[{\"@type\":\"ReadAction\",\"target\":[\"https:\/\/integrate.indecosoft.ro\/index.php\/participari-la-conferinte-stiintifice\/\"]}]},{\"@type\":\"ImageObject\",\"inLanguage\":\"ro-RO\",\"@id\":\"https:\/\/integrate.indecosoft.ro\/index.php\/participari-la-conferinte-stiintifice\/#primaryimage\",\"url\":\"https:\/\/integrate.indecosoft.ro\/wp-content\/uploads\/2024\/06\/6-1-e1718601360573.png\",\"contentUrl\":\"https:\/\/integrate.indecosoft.ro\/wp-content\/uploads\/2024\/06\/6-1-e1718601360573.png\",\"width\":2228,\"height\":1210},{\"@type\":\"BreadcrumbList\",\"@id\":\"https:\/\/integrate.indecosoft.ro\/index.php\/participari-la-conferinte-stiintifice\/#breadcrumb\",\"itemListElement\":[{\"@type\":\"ListItem\",\"position\":1,\"name\":\"Prima pagin\u0103\",\"item\":\"https:\/\/integrate.indecosoft.ro\/\"},{\"@type\":\"ListItem\",\"position\":2,\"name\":\"Participari la conferin\u0163e \u015ftiintifice\"}]},{\"@type\":\"WebSite\",\"@id\":\"https:\/\/integrate.indecosoft.ro\/#website\",\"url\":\"https:\/\/integrate.indecosoft.ro\/\",\"name\":\"\",\"description\":\"\",\"potentialAction\":[{\"@type\":\"SearchAction\",\"target\":{\"@type\":\"EntryPoint\",\"urlTemplate\":\"https:\/\/integrate.indecosoft.ro\/?s={search_term_string}\"},\"query-input\":{\"@type\":\"PropertyValueSpecification\",\"valueRequired\":true,\"valueName\":\"search_term_string\"}}],\"inLanguage\":\"ro-RO\"}]}<\/script>\n<!-- \/ Yoast SEO plugin. -->","yoast_head_json":{"title":"Participari la conferin\u0163e \u015ftiintifice -","robots":{"index":"index","follow":"follow","max-snippet":"max-snippet:-1","max-image-preview":"max-image-preview:large","max-video-preview":"max-video-preview:-1"},"canonical":"https:\/\/integrate.indecosoft.ro\/index.php\/participari-la-conferinte-stiintifice\/","og_locale":"ro_RO","og_type":"article","og_title":"Participari la conferin\u0163e \u015ftiintifice -","og_description":"Insulele de c\u0103ldur\u0103 urbane (UHI) reprezint\u0103 din ce \u00een ce mai mult provoc\u0103ri critice pentru mediile urbane \u0219i bun\u0103starea uman\u0103. Ca r\u0103spuns, propunem o metodologie nou\u0103 pentru a identifica punctele fierbin\u021bi ale insulelor de c\u0103ldur\u0103 urbane (UHIH) pentru a aborda nevoia urgent\u0103 de strategii eficiente de management \u0219i atenuare. Cercetarea... Continue reading","og_url":"https:\/\/integrate.indecosoft.ro\/index.php\/participari-la-conferinte-stiintifice\/","article_modified_time":"2024-06-17T05:26:53+00:00","og_image":[{"url":"https:\/\/integrate.indecosoft.ro\/wp-content\/uploads\/2024\/06\/6-1-e1718601360573-1024x556.png","type":"","width":"","height":""}],"twitter_card":"summary_large_image","twitter_misc":{"Timp estimat pentru citire":"4 minute"},"schema":{"@context":"https:\/\/schema.org","@graph":[{"@type":"WebPage","@id":"https:\/\/integrate.indecosoft.ro\/index.php\/participari-la-conferinte-stiintifice\/","url":"https:\/\/integrate.indecosoft.ro\/index.php\/participari-la-conferinte-stiintifice\/","name":"Participari la conferin\u0163e \u015ftiintifice -","isPartOf":{"@id":"https:\/\/integrate.indecosoft.ro\/#website"},"primaryImageOfPage":{"@id":"https:\/\/integrate.indecosoft.ro\/index.php\/participari-la-conferinte-stiintifice\/#primaryimage"},"image":{"@id":"https:\/\/integrate.indecosoft.ro\/index.php\/participari-la-conferinte-stiintifice\/#primaryimage"},"thumbnailUrl":"https:\/\/integrate.indecosoft.ro\/wp-content\/uploads\/2024\/06\/6-1-e1718601360573-1024x556.png","datePublished":"2023-12-04T20:02:34+00:00","dateModified":"2024-06-17T05:26:53+00:00","breadcrumb":{"@id":"https:\/\/integrate.indecosoft.ro\/index.php\/participari-la-conferinte-stiintifice\/#breadcrumb"},"inLanguage":"ro-RO","potentialAction":[{"@type":"ReadAction","target":["https:\/\/integrate.indecosoft.ro\/index.php\/participari-la-conferinte-stiintifice\/"]}]},{"@type":"ImageObject","inLanguage":"ro-RO","@id":"https:\/\/integrate.indecosoft.ro\/index.php\/participari-la-conferinte-stiintifice\/#primaryimage","url":"https:\/\/integrate.indecosoft.ro\/wp-content\/uploads\/2024\/06\/6-1-e1718601360573.png","contentUrl":"https:\/\/integrate.indecosoft.ro\/wp-content\/uploads\/2024\/06\/6-1-e1718601360573.png","width":2228,"height":1210},{"@type":"BreadcrumbList","@id":"https:\/\/integrate.indecosoft.ro\/index.php\/participari-la-conferinte-stiintifice\/#breadcrumb","itemListElement":[{"@type":"ListItem","position":1,"name":"Prima pagin\u0103","item":"https:\/\/integrate.indecosoft.ro\/"},{"@type":"ListItem","position":2,"name":"Participari la conferin\u0163e \u015ftiintifice"}]},{"@type":"WebSite","@id":"https:\/\/integrate.indecosoft.ro\/#website","url":"https:\/\/integrate.indecosoft.ro\/","name":"","description":"","potentialAction":[{"@type":"SearchAction","target":{"@type":"EntryPoint","urlTemplate":"https:\/\/integrate.indecosoft.ro\/?s={search_term_string}"},"query-input":{"@type":"PropertyValueSpecification","valueRequired":true,"valueName":"search_term_string"}}],"inLanguage":"ro-RO"}]}},"_links":{"self":[{"href":"https:\/\/integrate.indecosoft.ro\/index.php\/wp-json\/wp\/v2\/pages\/356","targetHints":{"allow":["GET"]}}],"collection":[{"href":"https:\/\/integrate.indecosoft.ro\/index.php\/wp-json\/wp\/v2\/pages"}],"about":[{"href":"https:\/\/integrate.indecosoft.ro\/index.php\/wp-json\/wp\/v2\/types\/page"}],"author":[{"embeddable":true,"href":"https:\/\/integrate.indecosoft.ro\/index.php\/wp-json\/wp\/v2\/users\/1"}],"replies":[{"embeddable":true,"href":"https:\/\/integrate.indecosoft.ro\/index.php\/wp-json\/wp\/v2\/comments?post=356"}],"version-history":[{"count":13,"href":"https:\/\/integrate.indecosoft.ro\/index.php\/wp-json\/wp\/v2\/pages\/356\/revisions"}],"predecessor-version":[{"id":511,"href":"https:\/\/integrate.indecosoft.ro\/index.php\/wp-json\/wp\/v2\/pages\/356\/revisions\/511"}],"wp:attachment":[{"href":"https:\/\/integrate.indecosoft.ro\/index.php\/wp-json\/wp\/v2\/media?parent=356"}],"curies":[{"name":"wp","href":"https:\/\/api.w.org\/{rel}","templated":true}]}}