{"id":31,"date":"2022-08-24T09:29:52","date_gmt":"2022-08-24T09:29:52","guid":{"rendered":"https:\/\/integrate.indecosoft.ro\/?page_id=31"},"modified":"2024-05-21T13:49:47","modified_gmt":"2024-05-21T13:49:47","slug":"contact","status":"publish","type":"page","link":"https:\/\/integrate.indecosoft.ro\/index.php\/contact\/","title":{"rendered":"Contact"},"content":{"rendered":"\t\t<div data-elementor-type=\"wp-page\" data-elementor-id=\"31\" class=\"elementor elementor-31\">\n\t\t\t\t\t\t<section class=\"elementor-section elementor-top-section elementor-element elementor-element-bd73f61 elementor-section-full_width elementor-section-stretched elementor-section-height-default elementor-section-height-default\" data-id=\"bd73f61\" data-element_type=\"section\" data-e-type=\"section\" data-settings=\"{&quot;stretch_section&quot;:&quot;section-stretched&quot;,&quot;background_background&quot;:&quot;gradient&quot;}\">\n\t\t\t\t\t\t<div class=\"elementor-container elementor-column-gap-default\">\n\t\t\t\t\t<div class=\"elementor-column elementor-col-20 elementor-top-column elementor-element elementor-element-45c911f\" data-id=\"45c911f\" data-element_type=\"column\" data-e-type=\"column\" data-settings=\"{&quot;background_background&quot;:&quot;classic&quot;}\">\n\t\t\t<div class=\"elementor-widget-wrap\">\n\t\t\t\t\t\t\t<\/div>\n\t\t<\/div>\n\t\t\t\t<div class=\"elementor-column elementor-col-20 elementor-top-column elementor-element elementor-element-79f40b3\" data-id=\"79f40b3\" data-element_type=\"column\" data-e-type=\"column\" data-settings=\"{&quot;background_background&quot;:&quot;classic&quot;}\">\n\t\t\t<div class=\"elementor-widget-wrap elementor-element-populated\">\n\t\t\t\t\t\t<div class=\"elementor-element elementor-element-d58ff88 elementor-widget elementor-widget-text-editor\" data-id=\"d58ff88\" data-element_type=\"widget\" data-e-type=\"widget\" data-widget_type=\"text-editor.default\">\n\t\t\t\t<div class=\"elementor-widget-container\">\n\t\t\t\t\t\t\t\t\t<p><style id=\"wpforms-css-vars-447\">\n\t\t\t\t#wpforms-447 {\n\t\t\t\t\n\t\t\t}\n\t\t\t<\/style><div class=\"wpforms-container wpforms-container-full wpforms-render-modern\" id=\"wpforms-447\"><form id=\"wpforms-form-447\" class=\"wpforms-validate wpforms-form wpforms-ajax-form\" data-formid=\"447\" method=\"post\" enctype=\"multipart\/form-data\" action=\"\/index.php\/wp-json\/wp\/v2\/pages\/31\" data-token=\"2382673b04f0d9b63a9f9d8ef1b3c5a6\" data-token-time=\"1777298425\"><noscript class=\"wpforms-error-noscript\">Please enable JavaScript in your browser to complete this form.<\/noscript><div id=\"wpforms-error-noscript\" style=\"display: none;\">Please enable JavaScript in your browser to complete this form.<\/div><div class=\"wpforms-field-container\"><div id=\"wpforms-447-field_5-container\" class=\"wpforms-field wpforms-field-name\" data-field-id=\"5\"><label class=\"wpforms-field-label\" for=\"wpforms-447-field_5\">Nume <span class=\"wpforms-required-label\" aria-hidden=\"true\">*<\/span><\/label><input type=\"text\" id=\"wpforms-447-field_5\" class=\"wpforms-field-large wpforms-field-required\" name=\"wpforms[fields][5]\" aria-errormessage=\"wpforms-447-field_5-error\" required><\/div><div id=\"wpforms-447-field_1-container\" class=\"wpforms-field wpforms-field-email\" data-field-id=\"1\"><label class=\"wpforms-field-label\" for=\"wpforms-447-field_1\">Email <span class=\"wpforms-required-label\" aria-hidden=\"true\">*<\/span><\/label><input type=\"email\" id=\"wpforms-447-field_1\" class=\"wpforms-field-large wpforms-field-required\" name=\"wpforms[fields][1]\" spellcheck=\"false\" aria-errormessage=\"wpforms-447-field_1-error\" required><\/div><div id=\"wpforms-447-field_2-container\" class=\"wpforms-field wpforms-field-textarea\" data-field-id=\"2\"><label class=\"wpforms-field-label\" for=\"wpforms-447-field_2\">Scrie mesajul t\u0103u aici <span class=\"wpforms-required-label\" aria-hidden=\"true\">*<\/span><\/label><textarea id=\"wpforms-447-field_2\" class=\"wpforms-field-medium wpforms-field-required\" name=\"wpforms[fields][2]\" aria-errormessage=\"wpforms-447-field_2-error\" required><\/textarea><\/div><div id=\"wpforms-447-field_6-container\" class=\"wpforms-field wpforms-field-gdpr-checkbox\" data-field-id=\"6\"><label class=\"wpforms-field-label\">Acord GDPR <span class=\"wpforms-required-label\" aria-hidden=\"true\">*<\/span><\/label><ul id=\"wpforms-447-field_6\" class=\"wpforms-field-required\"><li class=\"choice-1\"><input type=\"checkbox\" id=\"wpforms-447-field_6_1\" name=\"wpforms[fields][6][]\" value=\"Sunt de acord ca acest site s\u0103 stocheze informa\u021biile trimise de mine, astfel \u00eenc\u00e2t s\u0103 poat\u0103 r\u0103spunde la \u00eentrebarea mea.\" aria-errormessage=\"wpforms-447-field_6_1-error\" required ><label class=\"wpforms-field-label-inline\" for=\"wpforms-447-field_6_1\">Sunt de acord ca acest site s\u0103 stocheze informa\u021biile trimise de mine, astfel \u00eenc\u00e2t s\u0103 poat\u0103 r\u0103spunde la \u00eentrebarea mea.<\/label><\/li><\/ul><\/div><\/div><!-- .wpforms-field-container --><div class=\"wpforms-recaptcha-container wpforms-is-hcaptcha\" ><div class=\"h-captcha\" data-sitekey=\"2a40e620-5228-4356-9b86-7b0822666e4e\"><\/div><input type=\"text\" name=\"g-recaptcha-hidden\" class=\"wpforms-recaptcha-hidden\" style=\"position:absolute!important;clip:rect(0,0,0,0)!important;height:1px!important;width:1px!important;border:0!important;overflow:hidden!important;padding:0!important;margin:0!important;\" data-rule-hcaptcha=\"1\"><\/div><div class=\"wpforms-submit-container\" ><input type=\"hidden\" name=\"wpforms[id]\" value=\"447\"><input type=\"hidden\" name=\"page_title\" value=\"\"><input type=\"hidden\" name=\"page_url\" value=\"https:\/\/integrate.indecosoft.ro\/index.php\/wp-json\/wp\/v2\/pages\/31\"><input type=\"hidden\" name=\"url_referer\" value=\"\"><button type=\"submit\" name=\"wpforms[submit]\" id=\"wpforms-submit-447\" class=\"wpforms-submit\" data-alt-text=\"Trimitere...\" data-submit-text=\"Trimite\" aria-live=\"assertive\" value=\"wpforms-submit\">Trimite<\/button><img decoding=\"async\" src=\"https:\/\/integrate.indecosoft.ro\/wp-content\/plugins\/wpforms-lite\/assets\/images\/submit-spin.svg\" class=\"wpforms-submit-spinner\" style=\"display: none;\" width=\"26\" height=\"26\" alt=\"Loading\"><\/div><\/form><\/div>  <!-- .wpforms-container --><\/p>\t\t\t\t\t\t\t\t<\/div>\n\t\t\t\t<\/div>\n\t\t\t\t\t<\/div>\n\t\t<\/div>\n\t\t\t\t<div class=\"elementor-column elementor-col-20 elementor-top-column elementor-element elementor-element-6329274\" data-id=\"6329274\" data-element_type=\"column\" data-e-type=\"column\">\n\t\t\t<div class=\"elementor-widget-wrap elementor-element-populated\">\n\t\t\t\t\t\t<div class=\"elementor-element elementor-element-ebd533b animated-fast elementor-invisible elementor-widget elementor-widget-heading\" data-id=\"ebd533b\" data-element_type=\"widget\" data-e-type=\"widget\" data-settings=\"{&quot;_animation&quot;:&quot;fadeInLeft&quot;}\" data-widget_type=\"heading.default\">\n\t\t\t\t<div class=\"elementor-widget-container\">\n\t\t\t\t\t<h2 class=\"elementor-heading-title elementor-size-xxl\">INTEGRATE<\/h2>\t\t\t\t<\/div>\n\t\t\t\t<\/div>\n\t\t\t\t<div class=\"elementor-element elementor-element-bf3bec6 elementor-invisible elementor-widget elementor-widget-text-editor\" data-id=\"bf3bec6\" data-element_type=\"widget\" data-e-type=\"widget\" data-settings=\"{&quot;_animation&quot;:&quot;fadeInUp&quot;}\" data-widget_type=\"text-editor.default\">\n\t\t\t\t<div class=\"elementor-widget-container\">\n\t\t\t\t\t\t\t\t\t<p>enhanc<strong>IN<\/strong>g quali<strong>T<\/strong>y of lif<strong>E<\/strong> throu<strong>G<\/strong>h<\/p><p>u<strong>R<\/strong>ban he<strong>AT<\/strong> island ass<strong>E<\/strong>ssment<\/p>\t\t\t\t\t\t\t\t<\/div>\n\t\t\t\t<\/div>\n\t\t\t\t\t<\/div>\n\t\t<\/div>\n\t\t\t\t<div class=\"elementor-column elementor-col-20 elementor-top-column elementor-element elementor-element-0ccb7da\" data-id=\"0ccb7da\" data-element_type=\"column\" data-e-type=\"column\">\n\t\t\t<div class=\"elementor-widget-wrap elementor-element-populated\">\n\t\t\t\t\t\t<div class=\"elementor-element elementor-element-fbb392e elementor-invisible elementor-widget elementor-widget-image\" data-id=\"fbb392e\" data-element_type=\"widget\" data-e-type=\"widget\" data-settings=\"{&quot;_animation&quot;:&quot;fadeInRight&quot;}\" data-widget_type=\"image.default\">\n\t\t\t\t<div class=\"elementor-widget-container\">\n\t\t\t\t\t\t\t\t\t\t\t\t\t\t\t<img fetchpriority=\"high\" decoding=\"async\" width=\"638\" height=\"638\" src=\"https:\/\/integrate.indecosoft.ro\/wp-content\/uploads\/2022\/09\/integrate-logo-color-1.png\" class=\"attachment-large size-large wp-image-170\" alt=\"\" srcset=\"https:\/\/integrate.indecosoft.ro\/wp-content\/uploads\/2022\/09\/integrate-logo-color-1.png 638w, https:\/\/integrate.indecosoft.ro\/wp-content\/uploads\/2022\/09\/integrate-logo-color-1-300x300.png 300w, https:\/\/integrate.indecosoft.ro\/wp-content\/uploads\/2022\/09\/integrate-logo-color-1-150x150.png 150w\" sizes=\"(max-width: 638px) 100vw, 638px\" \/>\t\t\t\t\t\t\t\t\t\t\t\t\t\t\t<\/div>\n\t\t\t\t<\/div>\n\t\t\t\t\t<\/div>\n\t\t<\/div>\n\t\t\t\t<div class=\"elementor-column elementor-col-20 elementor-top-column elementor-element elementor-element-a841300\" data-id=\"a841300\" data-element_type=\"column\" data-e-type=\"column\">\n\t\t\t<div class=\"elementor-widget-wrap\">\n\t\t\t\t\t\t\t<\/div>\n\t\t<\/div>\n\t\t\t\t\t<\/div>\n\t\t<\/section>\n\t\t\t\t<\/div>\n\t\t","protected":false},"excerpt":{"rendered":"<p>INTEGRATE enhancINg qualiTy of lifE throuGh uRban heAT island assEssment<\/p>\n<p> <a class=\"continue-reading-link\" href=\"https:\/\/integrate.indecosoft.ro\/index.php\/contact\/\"><span>Continue reading<\/span><i class=\"crycon-right-dir\"><\/i><\/a> <\/p>\n","protected":false},"author":1,"featured_media":0,"parent":0,"menu_order":0,"comment_status":"closed","ping_status":"closed","template":"elementor_header_footer","meta":{"footnotes":""},"class_list":["post-31","page","type-page","status-publish","hentry"],"yoast_head":"<!-- This site is optimized with the Yoast SEO plugin v27.2 - https:\/\/yoast.com\/product\/yoast-seo-wordpress\/ -->\n<title>Contact -<\/title>\n<meta name=\"robots\" content=\"index, follow, max-snippet:-1, max-image-preview:large, max-video-preview:-1\" \/>\n<link rel=\"canonical\" href=\"https:\/\/integrate.indecosoft.ro\/index.php\/contact\/\" \/>\n<meta property=\"og:locale\" content=\"ro_RO\" \/>\n<meta property=\"og:type\" content=\"article\" \/>\n<meta property=\"og:title\" content=\"Contact -\" \/>\n<meta property=\"og:description\" content=\"INTEGRATE enhancINg qualiTy of lifE throuGh uRban heAT island assEssment Continue reading\" \/>\n<meta property=\"og:url\" content=\"https:\/\/integrate.indecosoft.ro\/index.php\/contact\/\" \/>\n<meta property=\"article:modified_time\" content=\"2024-05-21T13:49:47+00:00\" \/>\n<meta property=\"og:image\" content=\"https:\/\/integrate.indecosoft.ro\/wp-content\/uploads\/2022\/09\/integrate-logo-color-1.png\" \/>\n<meta name=\"twitter:card\" content=\"summary_large_image\" \/>\n<meta name=\"twitter:label1\" content=\"Timp estimat pentru citire\" \/>\n\t<meta name=\"twitter:data1\" content=\"1 minut\" \/>\n<script type=\"application\/ld+json\" class=\"yoast-schema-graph\">{\"@context\":\"https:\/\/schema.org\",\"@graph\":[{\"@type\":\"WebPage\",\"@id\":\"https:\/\/integrate.indecosoft.ro\/index.php\/contact\/\",\"url\":\"https:\/\/integrate.indecosoft.ro\/index.php\/contact\/\",\"name\":\"Contact -\",\"isPartOf\":{\"@id\":\"https:\/\/integrate.indecosoft.ro\/#website\"},\"primaryImageOfPage\":{\"@id\":\"https:\/\/integrate.indecosoft.ro\/index.php\/contact\/#primaryimage\"},\"image\":{\"@id\":\"https:\/\/integrate.indecosoft.ro\/index.php\/contact\/#primaryimage\"},\"thumbnailUrl\":\"https:\/\/integrate.indecosoft.ro\/wp-content\/uploads\/2022\/09\/integrate-logo-color-1.png\",\"datePublished\":\"2022-08-24T09:29:52+00:00\",\"dateModified\":\"2024-05-21T13:49:47+00:00\",\"breadcrumb\":{\"@id\":\"https:\/\/integrate.indecosoft.ro\/index.php\/contact\/#breadcrumb\"},\"inLanguage\":\"ro-RO\",\"potentialAction\":[{\"@type\":\"ReadAction\",\"target\":[\"https:\/\/integrate.indecosoft.ro\/index.php\/contact\/\"]}]},{\"@type\":\"ImageObject\",\"inLanguage\":\"ro-RO\",\"@id\":\"https:\/\/integrate.indecosoft.ro\/index.php\/contact\/#primaryimage\",\"url\":\"https:\/\/integrate.indecosoft.ro\/wp-content\/uploads\/2022\/09\/integrate-logo-color-1.png\",\"contentUrl\":\"https:\/\/integrate.indecosoft.ro\/wp-content\/uploads\/2022\/09\/integrate-logo-color-1.png\",\"width\":638,\"height\":638},{\"@type\":\"BreadcrumbList\",\"@id\":\"https:\/\/integrate.indecosoft.ro\/index.php\/contact\/#breadcrumb\",\"itemListElement\":[{\"@type\":\"ListItem\",\"position\":1,\"name\":\"Prima pagin\u0103\",\"item\":\"https:\/\/integrate.indecosoft.ro\/\"},{\"@type\":\"ListItem\",\"position\":2,\"name\":\"Contact\"}]},{\"@type\":\"WebSite\",\"@id\":\"https:\/\/integrate.indecosoft.ro\/#website\",\"url\":\"https:\/\/integrate.indecosoft.ro\/\",\"name\":\"\",\"description\":\"\",\"potentialAction\":[{\"@type\":\"SearchAction\",\"target\":{\"@type\":\"EntryPoint\",\"urlTemplate\":\"https:\/\/integrate.indecosoft.ro\/?s={search_term_string}\"},\"query-input\":{\"@type\":\"PropertyValueSpecification\",\"valueRequired\":true,\"valueName\":\"search_term_string\"}}],\"inLanguage\":\"ro-RO\"}]}<\/script>\n<!-- \/ Yoast SEO plugin. -->","yoast_head_json":{"title":"Contact -","robots":{"index":"index","follow":"follow","max-snippet":"max-snippet:-1","max-image-preview":"max-image-preview:large","max-video-preview":"max-video-preview:-1"},"canonical":"https:\/\/integrate.indecosoft.ro\/index.php\/contact\/","og_locale":"ro_RO","og_type":"article","og_title":"Contact -","og_description":"INTEGRATE enhancINg qualiTy of lifE throuGh uRban heAT island assEssment Continue reading","og_url":"https:\/\/integrate.indecosoft.ro\/index.php\/contact\/","article_modified_time":"2024-05-21T13:49:47+00:00","og_image":[{"url":"https:\/\/integrate.indecosoft.ro\/wp-content\/uploads\/2022\/09\/integrate-logo-color-1.png","type":"","width":"","height":""}],"twitter_card":"summary_large_image","twitter_misc":{"Timp estimat pentru citire":"1 minut"},"schema":{"@context":"https:\/\/schema.org","@graph":[{"@type":"WebPage","@id":"https:\/\/integrate.indecosoft.ro\/index.php\/contact\/","url":"https:\/\/integrate.indecosoft.ro\/index.php\/contact\/","name":"Contact -","isPartOf":{"@id":"https:\/\/integrate.indecosoft.ro\/#website"},"primaryImageOfPage":{"@id":"https:\/\/integrate.indecosoft.ro\/index.php\/contact\/#primaryimage"},"image":{"@id":"https:\/\/integrate.indecosoft.ro\/index.php\/contact\/#primaryimage"},"thumbnailUrl":"https:\/\/integrate.indecosoft.ro\/wp-content\/uploads\/2022\/09\/integrate-logo-color-1.png","datePublished":"2022-08-24T09:29:52+00:00","dateModified":"2024-05-21T13:49:47+00:00","breadcrumb":{"@id":"https:\/\/integrate.indecosoft.ro\/index.php\/contact\/#breadcrumb"},"inLanguage":"ro-RO","potentialAction":[{"@type":"ReadAction","target":["https:\/\/integrate.indecosoft.ro\/index.php\/contact\/"]}]},{"@type":"ImageObject","inLanguage":"ro-RO","@id":"https:\/\/integrate.indecosoft.ro\/index.php\/contact\/#primaryimage","url":"https:\/\/integrate.indecosoft.ro\/wp-content\/uploads\/2022\/09\/integrate-logo-color-1.png","contentUrl":"https:\/\/integrate.indecosoft.ro\/wp-content\/uploads\/2022\/09\/integrate-logo-color-1.png","width":638,"height":638},{"@type":"BreadcrumbList","@id":"https:\/\/integrate.indecosoft.ro\/index.php\/contact\/#breadcrumb","itemListElement":[{"@type":"ListItem","position":1,"name":"Prima pagin\u0103","item":"https:\/\/integrate.indecosoft.ro\/"},{"@type":"ListItem","position":2,"name":"Contact"}]},{"@type":"WebSite","@id":"https:\/\/integrate.indecosoft.ro\/#website","url":"https:\/\/integrate.indecosoft.ro\/","name":"","description":"","potentialAction":[{"@type":"SearchAction","target":{"@type":"EntryPoint","urlTemplate":"https:\/\/integrate.indecosoft.ro\/?s={search_term_string}"},"query-input":{"@type":"PropertyValueSpecification","valueRequired":true,"valueName":"search_term_string"}}],"inLanguage":"ro-RO"}]}},"_links":{"self":[{"href":"https:\/\/integrate.indecosoft.ro\/index.php\/wp-json\/wp\/v2\/pages\/31","targetHints":{"allow":["GET"]}}],"collection":[{"href":"https:\/\/integrate.indecosoft.ro\/index.php\/wp-json\/wp\/v2\/pages"}],"about":[{"href":"https:\/\/integrate.indecosoft.ro\/index.php\/wp-json\/wp\/v2\/types\/page"}],"author":[{"embeddable":true,"href":"https:\/\/integrate.indecosoft.ro\/index.php\/wp-json\/wp\/v2\/users\/1"}],"replies":[{"embeddable":true,"href":"https:\/\/integrate.indecosoft.ro\/index.php\/wp-json\/wp\/v2\/comments?post=31"}],"version-history":[{"count":41,"href":"https:\/\/integrate.indecosoft.ro\/index.php\/wp-json\/wp\/v2\/pages\/31\/revisions"}],"predecessor-version":[{"id":458,"href":"https:\/\/integrate.indecosoft.ro\/index.php\/wp-json\/wp\/v2\/pages\/31\/revisions\/458"}],"wp:attachment":[{"href":"https:\/\/integrate.indecosoft.ro\/index.php\/wp-json\/wp\/v2\/media?parent=31"}],"curies":[{"name":"wp","href":"https:\/\/api.w.org\/{rel}","templated":true}]}}