{"id":29,"date":"2022-08-24T09:29:32","date_gmt":"2022-08-24T09:29:32","guid":{"rendered":"https:\/\/integrate.indecosoft.ro\/?page_id=29"},"modified":"2024-06-20T09:51:53","modified_gmt":"2024-06-20T09:51:53","slug":"rezultate-stiintifice-si-diseminare","status":"publish","type":"page","link":"https:\/\/integrate.indecosoft.ro\/index.php\/rezultate-stiintifice-si-diseminare\/","title":{"rendered":"Rezultate \u0219tiin\u021bifice \u0219i diseminare"},"content":{"rendered":"\n<p>D2.1. Set de imagini satelitare Lansat viabile pentru extragerea LST pentru perioada istoric\u0103 (1988-2021) (luna 7)<br>D2.2. Set de h\u0103r\u0163i LST pentru ora\u015ful ales ca areal-test pentru identificarea ICUS (luna 19);<br>D2.3. Set de har\u0163i sintetice sezoniere \u015fi anuale ale LST\/ICUS (luna 20);<br>D2.4. Raport sintetic pentru corela\u0163iile ob\u0163inute \u00eentre indicii deriva\u021bi din imagini Sentinel 2 cu LST din imaginile prelevate de Landsat (luna 14);<br>D2.5. <a href=\"https:\/\/integrate.indecosoft.ro\/wp-content\/uploads\/2024\/06\/Livrabil_tesuturi_urbane.pdf\">List\u0103 cu tipurile de \u0163esut urban care favorieaz\u0103 apari\u0163ia arealelor de tip hot-spot \u015fi cold-spot (luna 21);<\/a><br>D2.6. <a href=\"https:\/\/integrate.indecosoft.ro\/wp-content\/uploads\/2024\/06\/Livrabil-activitatea-A2.6_Masuri.pdf\">List\u0103 de propuneri pentru remediere termic\u0103 \u00een arealele de tip hot-spot \u00een arealul-pilot (luna 23);<\/a><br>D3.1. Algoritmi de calcul prezenta\u021bi sub form\u0103 de proceduri stocate \u0219i servicii WPS, conform standardelor OGC \u00a0(luna 16 \u2013 versiunea beta)<br>D3.1. Algoritmi de calcul prezenta\u021bi sub form\u0103 de proceduri stocate \u0219i servicii WPS, conform standardelor OGC \u00a0(luna 22 versiunea final\u0103)<br>D3.2. Seturi de date publicate \u0219i disponibile pentru vizualizare \u00een serverul GIS al CI (luna 22)<br>D3.3. O bibliotec\u0103 de algoritmi generaliza\u021bi pentru replicarea proceselor pentru alte areale urbane (luna 20 \u2013 versiunea Beta; luna 24)<br>D4.1. Rezultatele A3.2 \u0219i A3.3 integrate \u00een solu\u021bia front-end a clien\u021bilor CO (luna 24)<br>D4.2. Modul near-real time disponibil pentru clien\u021bii care utilizeaz\u0103 serviciul recurent (luna 24)<br>D5.1. Site-ul proiectului actualizat periodic (luna 24);<br>D5.2. <a href=\"https:\/\/integrate.indecosoft.ro\/index.php\/workshop\/\">Minim 5 particip\u0103ri la workshop-uri \u015fi conferin\u0163e \u015ftiin\u0163ifice (luna 24);<\/a><br>D5.3. <a href=\"https:\/\/integrate.indecosoft.ro\/index.php\/articole-stiintifice\/\">Dou\u0103 articole publicate \u00een reviste cu factor de impact calculat \u00een Web of Science (cel pu\u0163in unul \u00eentr-o revista din Q2) (luna 24);<\/a><br>D5.4. <a href=\"https:\/\/integrate.indecosoft.ro\/index.php\/prezentarea-proiectului-integrate-intr-o-emisiune-tv\/\">Participare la o emisiune radio\/tv pentru prezentarea serviciului nou-creat (luna 24);<\/a><br>D5.5. <a href=\"https:\/\/integrate.indecosoft.ro\/index.php\/workshop\/\">Un workshop organizat cu clien\u0163ii actuali \u015fi poten\u0163iali ai CO pentru prezentarea serviciului realizat (luna 24).<\/a><\/p>\n\n\n\n<p><\/p>\n","protected":false},"excerpt":{"rendered":"<p>D2.1. Set de imagini satelitare Lansat viabile pentru extragerea LST pentru perioada istoric\u0103 (1988-2021) (luna 7)D2.2. Set de h\u0103r\u0163i LST pentru ora\u015ful ales ca areal-test pentru identificarea ICUS (luna 19);D2.3. Set de har\u0163i sintetice sezoniere \u015fi anuale ale LST\/ICUS (luna 20);D2.4. Raport sintetic pentru corela\u0163iile ob\u0163inute \u00eentre indicii deriva\u021bi din&#8230;<\/p>\n<p> <a class=\"continue-reading-link\" href=\"https:\/\/integrate.indecosoft.ro\/index.php\/rezultate-stiintifice-si-diseminare\/\"><span>Continue reading<\/span><i class=\"crycon-right-dir\"><\/i><\/a> <\/p>\n","protected":false},"author":1,"featured_media":0,"parent":0,"menu_order":0,"comment_status":"closed","ping_status":"closed","template":"","meta":{"footnotes":""},"class_list":["post-29","page","type-page","status-publish","hentry"],"yoast_head":"<!-- This site is optimized with the Yoast SEO plugin v27.2 - https:\/\/yoast.com\/product\/yoast-seo-wordpress\/ -->\n<title>Rezultate \u0219tiin\u021bifice \u0219i diseminare -<\/title>\n<meta name=\"robots\" content=\"index, follow, max-snippet:-1, max-image-preview:large, max-video-preview:-1\" \/>\n<link rel=\"canonical\" href=\"https:\/\/integrate.indecosoft.ro\/index.php\/rezultate-stiintifice-si-diseminare\/\" \/>\n<meta property=\"og:locale\" content=\"ro_RO\" \/>\n<meta property=\"og:type\" content=\"article\" \/>\n<meta property=\"og:title\" content=\"Rezultate \u0219tiin\u021bifice \u0219i diseminare -\" \/>\n<meta property=\"og:description\" content=\"D2.1. Set de imagini satelitare Lansat viabile pentru extragerea LST pentru perioada istoric\u0103 (1988-2021) (luna 7)D2.2. Set de h\u0103r\u0163i LST pentru ora\u015ful ales ca areal-test pentru identificarea ICUS (luna 19);D2.3. Set de har\u0163i sintetice sezoniere \u015fi anuale ale LST\/ICUS (luna 20);D2.4. Raport sintetic pentru corela\u0163iile ob\u0163inute \u00eentre indicii deriva\u021bi din... Continue reading\" \/>\n<meta property=\"og:url\" content=\"https:\/\/integrate.indecosoft.ro\/index.php\/rezultate-stiintifice-si-diseminare\/\" \/>\n<meta property=\"article:modified_time\" content=\"2024-06-20T09:51:53+00:00\" \/>\n<meta name=\"twitter:card\" content=\"summary_large_image\" \/>\n<meta name=\"twitter:label1\" content=\"Timp estimat pentru citire\" \/>\n\t<meta name=\"twitter:data1\" content=\"2 minute\" \/>\n<script type=\"application\/ld+json\" class=\"yoast-schema-graph\">{\"@context\":\"https:\/\/schema.org\",\"@graph\":[{\"@type\":\"WebPage\",\"@id\":\"https:\/\/integrate.indecosoft.ro\/index.php\/rezultate-stiintifice-si-diseminare\/\",\"url\":\"https:\/\/integrate.indecosoft.ro\/index.php\/rezultate-stiintifice-si-diseminare\/\",\"name\":\"Rezultate \u0219tiin\u021bifice \u0219i diseminare -\",\"isPartOf\":{\"@id\":\"https:\/\/integrate.indecosoft.ro\/#website\"},\"datePublished\":\"2022-08-24T09:29:32+00:00\",\"dateModified\":\"2024-06-20T09:51:53+00:00\",\"breadcrumb\":{\"@id\":\"https:\/\/integrate.indecosoft.ro\/index.php\/rezultate-stiintifice-si-diseminare\/#breadcrumb\"},\"inLanguage\":\"ro-RO\",\"potentialAction\":[{\"@type\":\"ReadAction\",\"target\":[\"https:\/\/integrate.indecosoft.ro\/index.php\/rezultate-stiintifice-si-diseminare\/\"]}]},{\"@type\":\"BreadcrumbList\",\"@id\":\"https:\/\/integrate.indecosoft.ro\/index.php\/rezultate-stiintifice-si-diseminare\/#breadcrumb\",\"itemListElement\":[{\"@type\":\"ListItem\",\"position\":1,\"name\":\"Prima pagin\u0103\",\"item\":\"https:\/\/integrate.indecosoft.ro\/\"},{\"@type\":\"ListItem\",\"position\":2,\"name\":\"Rezultate \u0219tiin\u021bifice \u0219i diseminare\"}]},{\"@type\":\"WebSite\",\"@id\":\"https:\/\/integrate.indecosoft.ro\/#website\",\"url\":\"https:\/\/integrate.indecosoft.ro\/\",\"name\":\"\",\"description\":\"\",\"potentialAction\":[{\"@type\":\"SearchAction\",\"target\":{\"@type\":\"EntryPoint\",\"urlTemplate\":\"https:\/\/integrate.indecosoft.ro\/?s={search_term_string}\"},\"query-input\":{\"@type\":\"PropertyValueSpecification\",\"valueRequired\":true,\"valueName\":\"search_term_string\"}}],\"inLanguage\":\"ro-RO\"}]}<\/script>\n<!-- \/ Yoast SEO plugin. -->","yoast_head_json":{"title":"Rezultate \u0219tiin\u021bifice \u0219i diseminare -","robots":{"index":"index","follow":"follow","max-snippet":"max-snippet:-1","max-image-preview":"max-image-preview:large","max-video-preview":"max-video-preview:-1"},"canonical":"https:\/\/integrate.indecosoft.ro\/index.php\/rezultate-stiintifice-si-diseminare\/","og_locale":"ro_RO","og_type":"article","og_title":"Rezultate \u0219tiin\u021bifice \u0219i diseminare -","og_description":"D2.1. Set de imagini satelitare Lansat viabile pentru extragerea LST pentru perioada istoric\u0103 (1988-2021) (luna 7)D2.2. Set de h\u0103r\u0163i LST pentru ora\u015ful ales ca areal-test pentru identificarea ICUS (luna 19);D2.3. Set de har\u0163i sintetice sezoniere \u015fi anuale ale LST\/ICUS (luna 20);D2.4. Raport sintetic pentru corela\u0163iile ob\u0163inute \u00eentre indicii deriva\u021bi din... Continue reading","og_url":"https:\/\/integrate.indecosoft.ro\/index.php\/rezultate-stiintifice-si-diseminare\/","article_modified_time":"2024-06-20T09:51:53+00:00","twitter_card":"summary_large_image","twitter_misc":{"Timp estimat pentru citire":"2 minute"},"schema":{"@context":"https:\/\/schema.org","@graph":[{"@type":"WebPage","@id":"https:\/\/integrate.indecosoft.ro\/index.php\/rezultate-stiintifice-si-diseminare\/","url":"https:\/\/integrate.indecosoft.ro\/index.php\/rezultate-stiintifice-si-diseminare\/","name":"Rezultate \u0219tiin\u021bifice \u0219i diseminare -","isPartOf":{"@id":"https:\/\/integrate.indecosoft.ro\/#website"},"datePublished":"2022-08-24T09:29:32+00:00","dateModified":"2024-06-20T09:51:53+00:00","breadcrumb":{"@id":"https:\/\/integrate.indecosoft.ro\/index.php\/rezultate-stiintifice-si-diseminare\/#breadcrumb"},"inLanguage":"ro-RO","potentialAction":[{"@type":"ReadAction","target":["https:\/\/integrate.indecosoft.ro\/index.php\/rezultate-stiintifice-si-diseminare\/"]}]},{"@type":"BreadcrumbList","@id":"https:\/\/integrate.indecosoft.ro\/index.php\/rezultate-stiintifice-si-diseminare\/#breadcrumb","itemListElement":[{"@type":"ListItem","position":1,"name":"Prima pagin\u0103","item":"https:\/\/integrate.indecosoft.ro\/"},{"@type":"ListItem","position":2,"name":"Rezultate \u0219tiin\u021bifice \u0219i diseminare"}]},{"@type":"WebSite","@id":"https:\/\/integrate.indecosoft.ro\/#website","url":"https:\/\/integrate.indecosoft.ro\/","name":"","description":"","potentialAction":[{"@type":"SearchAction","target":{"@type":"EntryPoint","urlTemplate":"https:\/\/integrate.indecosoft.ro\/?s={search_term_string}"},"query-input":{"@type":"PropertyValueSpecification","valueRequired":true,"valueName":"search_term_string"}}],"inLanguage":"ro-RO"}]}},"_links":{"self":[{"href":"https:\/\/integrate.indecosoft.ro\/index.php\/wp-json\/wp\/v2\/pages\/29","targetHints":{"allow":["GET"]}}],"collection":[{"href":"https:\/\/integrate.indecosoft.ro\/index.php\/wp-json\/wp\/v2\/pages"}],"about":[{"href":"https:\/\/integrate.indecosoft.ro\/index.php\/wp-json\/wp\/v2\/types\/page"}],"author":[{"embeddable":true,"href":"https:\/\/integrate.indecosoft.ro\/index.php\/wp-json\/wp\/v2\/users\/1"}],"replies":[{"embeddable":true,"href":"https:\/\/integrate.indecosoft.ro\/index.php\/wp-json\/wp\/v2\/comments?post=29"}],"version-history":[{"count":7,"href":"https:\/\/integrate.indecosoft.ro\/index.php\/wp-json\/wp\/v2\/pages\/29\/revisions"}],"predecessor-version":[{"id":564,"href":"https:\/\/integrate.indecosoft.ro\/index.php\/wp-json\/wp\/v2\/pages\/29\/revisions\/564"}],"wp:attachment":[{"href":"https:\/\/integrate.indecosoft.ro\/index.php\/wp-json\/wp\/v2\/media?parent=29"}],"curies":[{"name":"wp","href":"https:\/\/api.w.org\/{rel}","templated":true}]}}