{"id":13,"date":"2022-08-24T09:22:28","date_gmt":"2022-08-24T09:22:28","guid":{"rendered":"https:\/\/integrate.indecosoft.ro\/?page_id=13"},"modified":"2022-12-05T08:36:34","modified_gmt":"2022-12-05T08:36:34","slug":"echipa-de-proiect","status":"publish","type":"page","link":"https:\/\/integrate.indecosoft.ro\/index.php\/parteneri-si-echipa\/echipa-de-proiect\/","title":{"rendered":"Echipa de proiect"},"content":{"rendered":"\n<p><strong><em>Echipa Indeco Soft<\/em><\/strong><\/p>\n\n\n\n<ol class=\"wp-block-list\">\n<li><strong>Adrian Moldovan<\/strong> \u2013 Director de proiect, competen\u021b\u0103 \u00een activit\u0103\u021bi de cercetare-dezvoltare solu\u021bii geospa\u021biale \u0219i coordonarea echipelor de cercetare-dezvoltare<\/li>\n\n\n\n<li><strong>Gabriela Iliesi<\/strong> &#8211; Cercet\u0103tor \u00een informatic\u0103, competen\u021b\u0103 \u00een cercetare industrial\u0103 &#8211; solu\u021bii geospa\u021biale \u0219i procesare date satelitare<\/li>\n\n\n\n<li><strong>Viorel Filip<\/strong> \u2013 Cercet\u0103tor \u00een informatic\u0103, competen\u021b\u0103 \u00een cercetare industrial\u0103 \u00een domeniul algoritmilor software \u2013 solu\u021bii de stocare \u0219i optimizare baze de date.<\/li>\n\n\n\n<li><strong>Mihai POP<\/strong> \u2013 Cercet\u0103tor \u00een informatic\u0103, competen\u021b\u0103 \u00een cercetare industrial\u0103 \u00een domeniul algoritmilor software \u2013 solu\u021bii geospa\u021biale \u0219i de observare a Terrei<\/li>\n<\/ol>\n\n\n\n<p><strong><em>Echipa Universit\u0103\u021bii Babe\u0219 Bolyai<\/em><\/strong><\/p>\n\n\n\n<ol class=\"wp-block-list\" type=\"1\">\n<li><strong>Prof. univ. dr. Adina-Eliza Croitoru<\/strong>&nbsp;\u2013 responsabil de proiect din partea partenerului P1 (UBB) competen\u0163\u0103 dovedit\u0103 \u00een climatologie&nbsp;: climatologie urban\u0103, schimb\u0103ri climatice \u015fi impactul fenomenelor meteorologice extreme asupra mediului \u015fi societ\u0103\u0163ii);<\/li>\n\n\n\n<li><strong>Conf. univ. dr. Titus Cristian Man<\/strong>&nbsp;\u2013 cercet\u0103tor, competen\u0163\u0103 \u00een GIS \u015fi teledetec\u0163ie;<\/li>\n\n\n\n<li><strong>\u015eef lucr. dr. Csaba Horvath<\/strong>&nbsp;\u2013 cercet\u0103tor, competen\u0163\u0103 \u00een GIS \u015fi procesare de date;<\/li>\n\n\n\n<li><strong>\u015eef lucr. dr. Zsolt Magyari-S\u00e1ska<\/strong>&nbsp;\u2013 cercet\u0103tor, competen\u021b\u0103 \u00een GIS, teledetec\u0163ie \u0219i procesare date;<\/li>\n\n\n\n<li><strong>Dr. Ioana Herbel&nbsp;<\/strong>\u2013 t\u00e2n\u0103r cercet\u0103tor (postdoc), competen\u0163\u0103 \u00een teledetec\u0163ie \u015fi climatologie urban\u0103.<\/li>\n<\/ol>\n\n\n\n<p><strong><em>Echipa Creative Space<\/em><\/strong><\/p>\n\n\n\n<ol class=\"wp-block-list\">\n<li><strong>Sorin POP<\/strong> \u2013 responsabil de proiect din partea Creative Space, competen\u021b\u0103 \u00een cercetare-dezvoltare solu\u021bii, procese \u0219i algoritmi de optimizare urban\u0103, GIS, strategii de dezvoltare locale<\/li>\n\n\n\n<li><strong>Ana-Maria POP <\/strong>\u2013 Cercet\u0103tor \u00een informatic\u0103, competen\u021b\u0103 \u00een arhitecturi software de complexitate ridicat\u0103 \u0219i algoritmi de eficientizare a transportului de date<\/li>\n<\/ol>\n","protected":false},"excerpt":{"rendered":"<p>Echipa Indeco Soft Echipa Universit\u0103\u021bii Babe\u0219 Bolyai Echipa Creative Space<\/p>\n<p> <a class=\"continue-reading-link\" href=\"https:\/\/integrate.indecosoft.ro\/index.php\/parteneri-si-echipa\/echipa-de-proiect\/\"><span>Continue reading<\/span><i class=\"crycon-right-dir\"><\/i><\/a> <\/p>\n","protected":false},"author":1,"featured_media":0,"parent":11,"menu_order":0,"comment_status":"closed","ping_status":"closed","template":"","meta":{"footnotes":""},"class_list":["post-13","page","type-page","status-publish","hentry"],"yoast_head":"<!-- This site is optimized with the Yoast SEO plugin v27.2 - https:\/\/yoast.com\/product\/yoast-seo-wordpress\/ -->\n<title>Echipa de proiect -<\/title>\n<meta name=\"robots\" content=\"index, follow, max-snippet:-1, max-image-preview:large, max-video-preview:-1\" \/>\n<link rel=\"canonical\" href=\"https:\/\/integrate.indecosoft.ro\/index.php\/parteneri-si-echipa\/echipa-de-proiect\/\" \/>\n<meta property=\"og:locale\" content=\"ro_RO\" \/>\n<meta property=\"og:type\" content=\"article\" \/>\n<meta property=\"og:title\" content=\"Echipa de proiect -\" \/>\n<meta property=\"og:description\" content=\"Echipa Indeco Soft Echipa Universit\u0103\u021bii Babe\u0219 Bolyai Echipa Creative Space Continue reading\" \/>\n<meta property=\"og:url\" content=\"https:\/\/integrate.indecosoft.ro\/index.php\/parteneri-si-echipa\/echipa-de-proiect\/\" \/>\n<meta property=\"article:modified_time\" content=\"2022-12-05T08:36:34+00:00\" \/>\n<meta name=\"twitter:card\" content=\"summary_large_image\" \/>\n<meta name=\"twitter:label1\" content=\"Timp estimat pentru citire\" \/>\n\t<meta name=\"twitter:data1\" content=\"2 minute\" \/>\n<script type=\"application\/ld+json\" class=\"yoast-schema-graph\">{\"@context\":\"https:\/\/schema.org\",\"@graph\":[{\"@type\":\"WebPage\",\"@id\":\"https:\/\/integrate.indecosoft.ro\/index.php\/parteneri-si-echipa\/echipa-de-proiect\/\",\"url\":\"https:\/\/integrate.indecosoft.ro\/index.php\/parteneri-si-echipa\/echipa-de-proiect\/\",\"name\":\"Echipa de proiect -\",\"isPartOf\":{\"@id\":\"https:\/\/integrate.indecosoft.ro\/#website\"},\"datePublished\":\"2022-08-24T09:22:28+00:00\",\"dateModified\":\"2022-12-05T08:36:34+00:00\",\"breadcrumb\":{\"@id\":\"https:\/\/integrate.indecosoft.ro\/index.php\/parteneri-si-echipa\/echipa-de-proiect\/#breadcrumb\"},\"inLanguage\":\"ro-RO\",\"potentialAction\":[{\"@type\":\"ReadAction\",\"target\":[\"https:\/\/integrate.indecosoft.ro\/index.php\/parteneri-si-echipa\/echipa-de-proiect\/\"]}]},{\"@type\":\"BreadcrumbList\",\"@id\":\"https:\/\/integrate.indecosoft.ro\/index.php\/parteneri-si-echipa\/echipa-de-proiect\/#breadcrumb\",\"itemListElement\":[{\"@type\":\"ListItem\",\"position\":1,\"name\":\"Prima pagin\u0103\",\"item\":\"https:\/\/integrate.indecosoft.ro\/\"},{\"@type\":\"ListItem\",\"position\":2,\"name\":\"Parteneri \u0219i echipa de cercetare\",\"item\":\"https:\/\/integrate.indecosoft.ro\/index.php\/parteneri-si-echipa\/\"},{\"@type\":\"ListItem\",\"position\":3,\"name\":\"Echipa de proiect\"}]},{\"@type\":\"WebSite\",\"@id\":\"https:\/\/integrate.indecosoft.ro\/#website\",\"url\":\"https:\/\/integrate.indecosoft.ro\/\",\"name\":\"\",\"description\":\"\",\"potentialAction\":[{\"@type\":\"SearchAction\",\"target\":{\"@type\":\"EntryPoint\",\"urlTemplate\":\"https:\/\/integrate.indecosoft.ro\/?s={search_term_string}\"},\"query-input\":{\"@type\":\"PropertyValueSpecification\",\"valueRequired\":true,\"valueName\":\"search_term_string\"}}],\"inLanguage\":\"ro-RO\"}]}<\/script>\n<!-- \/ Yoast SEO plugin. -->","yoast_head_json":{"title":"Echipa de proiect -","robots":{"index":"index","follow":"follow","max-snippet":"max-snippet:-1","max-image-preview":"max-image-preview:large","max-video-preview":"max-video-preview:-1"},"canonical":"https:\/\/integrate.indecosoft.ro\/index.php\/parteneri-si-echipa\/echipa-de-proiect\/","og_locale":"ro_RO","og_type":"article","og_title":"Echipa de proiect -","og_description":"Echipa Indeco Soft Echipa Universit\u0103\u021bii Babe\u0219 Bolyai Echipa Creative Space Continue reading","og_url":"https:\/\/integrate.indecosoft.ro\/index.php\/parteneri-si-echipa\/echipa-de-proiect\/","article_modified_time":"2022-12-05T08:36:34+00:00","twitter_card":"summary_large_image","twitter_misc":{"Timp estimat pentru citire":"2 minute"},"schema":{"@context":"https:\/\/schema.org","@graph":[{"@type":"WebPage","@id":"https:\/\/integrate.indecosoft.ro\/index.php\/parteneri-si-echipa\/echipa-de-proiect\/","url":"https:\/\/integrate.indecosoft.ro\/index.php\/parteneri-si-echipa\/echipa-de-proiect\/","name":"Echipa de proiect -","isPartOf":{"@id":"https:\/\/integrate.indecosoft.ro\/#website"},"datePublished":"2022-08-24T09:22:28+00:00","dateModified":"2022-12-05T08:36:34+00:00","breadcrumb":{"@id":"https:\/\/integrate.indecosoft.ro\/index.php\/parteneri-si-echipa\/echipa-de-proiect\/#breadcrumb"},"inLanguage":"ro-RO","potentialAction":[{"@type":"ReadAction","target":["https:\/\/integrate.indecosoft.ro\/index.php\/parteneri-si-echipa\/echipa-de-proiect\/"]}]},{"@type":"BreadcrumbList","@id":"https:\/\/integrate.indecosoft.ro\/index.php\/parteneri-si-echipa\/echipa-de-proiect\/#breadcrumb","itemListElement":[{"@type":"ListItem","position":1,"name":"Prima pagin\u0103","item":"https:\/\/integrate.indecosoft.ro\/"},{"@type":"ListItem","position":2,"name":"Parteneri \u0219i echipa de cercetare","item":"https:\/\/integrate.indecosoft.ro\/index.php\/parteneri-si-echipa\/"},{"@type":"ListItem","position":3,"name":"Echipa de proiect"}]},{"@type":"WebSite","@id":"https:\/\/integrate.indecosoft.ro\/#website","url":"https:\/\/integrate.indecosoft.ro\/","name":"","description":"","potentialAction":[{"@type":"SearchAction","target":{"@type":"EntryPoint","urlTemplate":"https:\/\/integrate.indecosoft.ro\/?s={search_term_string}"},"query-input":{"@type":"PropertyValueSpecification","valueRequired":true,"valueName":"search_term_string"}}],"inLanguage":"ro-RO"}]}},"_links":{"self":[{"href":"https:\/\/integrate.indecosoft.ro\/index.php\/wp-json\/wp\/v2\/pages\/13","targetHints":{"allow":["GET"]}}],"collection":[{"href":"https:\/\/integrate.indecosoft.ro\/index.php\/wp-json\/wp\/v2\/pages"}],"about":[{"href":"https:\/\/integrate.indecosoft.ro\/index.php\/wp-json\/wp\/v2\/types\/page"}],"author":[{"embeddable":true,"href":"https:\/\/integrate.indecosoft.ro\/index.php\/wp-json\/wp\/v2\/users\/1"}],"replies":[{"embeddable":true,"href":"https:\/\/integrate.indecosoft.ro\/index.php\/wp-json\/wp\/v2\/comments?post=13"}],"version-history":[{"count":5,"href":"https:\/\/integrate.indecosoft.ro\/index.php\/wp-json\/wp\/v2\/pages\/13\/revisions"}],"predecessor-version":[{"id":300,"href":"https:\/\/integrate.indecosoft.ro\/index.php\/wp-json\/wp\/v2\/pages\/13\/revisions\/300"}],"up":[{"embeddable":true,"href":"https:\/\/integrate.indecosoft.ro\/index.php\/wp-json\/wp\/v2\/pages\/11"}],"wp:attachment":[{"href":"https:\/\/integrate.indecosoft.ro\/index.php\/wp-json\/wp\/v2\/media?parent=13"}],"curies":[{"name":"wp","href":"https:\/\/api.w.org\/{rel}","templated":true}]}}