{"id":11,"date":"2022-08-24T09:19:21","date_gmt":"2022-08-24T09:19:21","guid":{"rendered":"https:\/\/integrate.indecosoft.ro\/?page_id=11"},"modified":"2022-12-05T08:59:12","modified_gmt":"2022-12-05T08:59:12","slug":"parteneri-si-echipa","status":"publish","type":"page","link":"https:\/\/integrate.indecosoft.ro\/index.php\/parteneri-si-echipa\/","title":{"rendered":"Parteneri \u0219i echipa de cercetare"},"content":{"rendered":"\n<p><strong><a href=\"https:\/\/indecosoft.ro\/site\/home\/\">Indeco Soft<\/a>&nbsp;(Project Leader)<\/strong><\/p>\n\n\n<div class=\"wp-block-image is-style-rounded\">\n<figure class=\"alignleft is-resized\"><img decoding=\"async\" src=\"https:\/\/agroclim.ro\/wp-content\/uploads\/2020\/11\/indeco-logo-1-1-300x193.png\" alt=\"\" class=\"wp-image-204\" width=\"150\"\/><\/figure>\n<\/div>\n\n\n<p>De peste 19 ani, Indeco Soft este o companie lider \u00een dezvoltare de software \u00een Rom\u00e2nia, oferind solu\u021bii de e-guvernare pentru peste 1000 de institu\u021bii publice (ora\u0219e, consilii jude\u021bene, \u0219coli, universit\u0103\u021bi \u0219i afaceri private).<\/p>\n\n\n\n<p>Solu\u021biile software ale companiei includ software conceput special pentru administra\u021bia public\u0103, \u00eentr-o solu\u021bie integrat\u0103 organizat\u0103 \u00een 5 pachete:&nbsp;Social Care Management \u0219i eHealth,&nbsp;gestionarea asisten\u021bei sociale (presta\u021bii sociale, proceduri \u0219i fluxuri de lucru); Plata electronic\u0103&nbsp;a taxelor locale, a tichetelor de parcare \u0219i a amenzilor, utilit\u0103\u021bi, dona\u021bii; Interac\u021biunea cu cet\u0103\u021benii&nbsp;\u2013 Gestionarea documentelor, peti\u021bii online, planificare urban\u0103, interac\u021biune online \u0219i raportare probleme; Registrul agricol&nbsp;inclusiv utilizarea terenului; Management financiar \u2013&nbsp;bugetare, management HR, contabilitate, facturi, management de investi\u021bii \u0219i achizi\u021bii; Venituri Administrative \u2013&nbsp;regimuri fiscale locale, \u00eenchiriere publice, autoriza\u021bii de afaceri, autoriza\u021bii de construire, management transport. Calitatea serviciilor noastre este atestat\u0103 de numeroasele noastre re\u00eennoiri anuale de contracte, \u00een timp ce procesul de dezvoltare este gestionat \u00een conformitate cu standardele de calitate ISO 9001 \u0219i 27001. (<a href=\"https:\/\/indecosoft.ro\/site\/about-us-2\/\">cite\u0219te mai mult<\/a>)<\/p>\n\n\n\n<p><strong><a href=\"https:\/\/ubbcluj.ro\">Universitatea Babe\u0219 Bolyai<\/a>&nbsp;(Partener 1)<\/strong><\/p>\n\n\n<div class=\"wp-block-image\">\n<figure class=\"alignleft\"><img decoding=\"async\" src=\"https:\/\/agroclim.ro\/wp-content\/uploads\/2020\/08\/ubb.png\" alt=\"\"\/><\/figure>\n<\/div>\n\n\n<p>Universitatea Babe\u015f-Bolyai (UBB) este o institu\u0163ie public\u0103 de \u00eenv\u0103\u0163\u0103m\u00e2nt superior a c\u0103rei misiune este de a promova \u015fi sus\u0163ine \u00een cadrul comunit\u0103\u0163ii locale, regionale, na\u0163ionale \u015fi interna\u0163ionale dezvoltarea unor componente culturale specifice. Este una dintre institu\u021biile de \u00eenv\u0103\u021b\u0103m\u00e2nt \u0219i cercetare de top din Rom\u00e2nia, conform celor mai multe scheme de clasare na\u021bionale \u0219i interna\u021bionale. BBU consider\u0103 c\u0103 cercetarea \u0219tiin\u021bific\u0103 este una dintre principalele sale misiuni; pentru noi, \u00een cadrul BBU, precum \u0219i \u00een interac\u021biunile cu comunitatea na\u021bional\u0103 \u0219i interna\u021bional\u0103, cercetarea reprezint\u0103 principalul criteriu de evaluare a statutului academic. Cu tot ce face, Universitatea Babe\u0219-Bolyai se str\u0103duie\u0219te s\u0103 fie un model de diversitate, de experiment cultural, un pol de cre\u0219tere durabil\u0103, un centru de cunoa\u0219tere \u0219i inovare tehnologic\u0103.<\/p>\n\n\n\n<p>BBU ofer\u0103 \u0219i investe\u0219te constant \u00een echipamente \u0219i infrastructur\u0103 moderne. Tehnici avansate \u00een spectroscopie, microscopie, radia\u021bii, calcul, schimb\u0103ri climatice, \u0219tiin\u021ba materialelor, genetic\u0103, biologie molecular\u0103 \u0219i altele sunt, de asemenea, disponibile \u0219i conectate la partenerii de cercetare la unele dintre cele mai competitive institu\u021bii de cercetare din lume.(<a href=\"https:\/\/www.ubbcluj.ro\/en\/despre\/\">cite\u0219te mai mult<\/a>)<\/p>\n\n\n\n<p><strong><a href=\"https:\/\/www.cspace.ro\">Creative Space&nbsp;<\/a>(Partner 2)<\/strong><\/p>\n\n\n<div class=\"wp-block-image\">\n<figure class=\"alignleft size-full is-resized\"><img decoding=\"async\" src=\"https:\/\/integrate.indecosoft.ro\/wp-content\/uploads\/2022\/08\/logocreativebun.png\" alt=\"\" class=\"wp-image-98\" width=\"150\" srcset=\"https:\/\/integrate.indecosoft.ro\/wp-content\/uploads\/2022\/08\/logocreativebun.png 935w, https:\/\/integrate.indecosoft.ro\/wp-content\/uploads\/2022\/08\/logocreativebun-300x127.png 300w, https:\/\/integrate.indecosoft.ro\/wp-content\/uploads\/2022\/08\/logocreativebun-768x325.png 768w\" sizes=\"(max-width: 935px) 100vw, 935px\" \/><\/figure>\n<\/div>\n\n\n<p>Start-up centrat \u00een jurul inov\u0103rii, Creative Space este o companie privat\u0103 care ofer\u0103 servicii de cercetare \u0219i inovare la cerere beneficiarilor priva\u021bi \u0219i publici. Furniz\u00e2nd solu\u021bii bazate pe GIS \u0219i observarea P\u0103m\u00e2ntului pentru comunit\u0103\u021bile inteligente, compania a fost finan\u021bat\u0103 ini\u021bial de programul Startup Nation din Rom\u00e2nia ca spin-off a proiectelor ESA EOClimLab \u0219i Horizon 2020 SME Instrument GREENTOP.  Produsele furnizate includ dezvoltarea software la cerere, precum \u0219i expertiz\u0103 TIC privind ora\u0219ele (comunit\u0103\u021bile) inteligente \u0219i inovatoare din Rom\u00e2nia. (cite\u0219te mai mult)<\/p>\n","protected":false},"excerpt":{"rendered":"<p>Indeco Soft&nbsp;(Project Leader) De peste 19 ani, Indeco Soft este o companie lider \u00een dezvoltare de software \u00een Rom\u00e2nia, oferind solu\u021bii de e-guvernare pentru peste 1000 de institu\u021bii publice (ora\u0219e, consilii jude\u021bene, \u0219coli, universit\u0103\u021bi \u0219i afaceri private). Solu\u021biile software ale companiei includ software conceput special pentru administra\u021bia public\u0103, \u00eentr-o solu\u021bie&#8230;<\/p>\n<p> <a class=\"continue-reading-link\" href=\"https:\/\/integrate.indecosoft.ro\/index.php\/parteneri-si-echipa\/\"><span>Continue reading<\/span><i class=\"crycon-right-dir\"><\/i><\/a> <\/p>\n","protected":false},"author":1,"featured_media":0,"parent":0,"menu_order":0,"comment_status":"closed","ping_status":"closed","template":"","meta":{"footnotes":""},"class_list":["post-11","page","type-page","status-publish","hentry"],"yoast_head":"<!-- This site is optimized with the Yoast SEO plugin v27.2 - https:\/\/yoast.com\/product\/yoast-seo-wordpress\/ -->\n<title>Parteneri \u0219i echipa de cercetare -<\/title>\n<meta name=\"robots\" content=\"index, follow, max-snippet:-1, max-image-preview:large, max-video-preview:-1\" \/>\n<link rel=\"canonical\" href=\"https:\/\/integrate.indecosoft.ro\/index.php\/parteneri-si-echipa\/\" \/>\n<meta property=\"og:locale\" content=\"ro_RO\" \/>\n<meta property=\"og:type\" content=\"article\" \/>\n<meta property=\"og:title\" content=\"Parteneri \u0219i echipa de cercetare -\" \/>\n<meta property=\"og:description\" content=\"Indeco Soft&nbsp;(Project Leader) De peste 19 ani, Indeco Soft este o companie lider \u00een dezvoltare de software \u00een Rom\u00e2nia, oferind solu\u021bii de e-guvernare pentru peste 1000 de institu\u021bii publice (ora\u0219e, consilii jude\u021bene, \u0219coli, universit\u0103\u021bi \u0219i afaceri private). Solu\u021biile software ale companiei includ software conceput special pentru administra\u021bia public\u0103, \u00eentr-o solu\u021bie... Continue reading\" \/>\n<meta property=\"og:url\" content=\"https:\/\/integrate.indecosoft.ro\/index.php\/parteneri-si-echipa\/\" \/>\n<meta property=\"article:modified_time\" content=\"2022-12-05T08:59:12+00:00\" \/>\n<meta property=\"og:image\" content=\"https:\/\/agroclim.ro\/wp-content\/uploads\/2020\/11\/indeco-logo-1-1-300x193.png\" \/>\n<meta name=\"twitter:card\" content=\"summary_large_image\" \/>\n<meta name=\"twitter:label1\" content=\"Timp estimat pentru citire\" \/>\n\t<meta name=\"twitter:data1\" content=\"3 minute\" \/>\n<script type=\"application\/ld+json\" class=\"yoast-schema-graph\">{\"@context\":\"https:\/\/schema.org\",\"@graph\":[{\"@type\":\"WebPage\",\"@id\":\"https:\/\/integrate.indecosoft.ro\/index.php\/parteneri-si-echipa\/\",\"url\":\"https:\/\/integrate.indecosoft.ro\/index.php\/parteneri-si-echipa\/\",\"name\":\"Parteneri \u0219i echipa de cercetare -\",\"isPartOf\":{\"@id\":\"https:\/\/integrate.indecosoft.ro\/#website\"},\"primaryImageOfPage\":{\"@id\":\"https:\/\/integrate.indecosoft.ro\/index.php\/parteneri-si-echipa\/#primaryimage\"},\"image\":{\"@id\":\"https:\/\/integrate.indecosoft.ro\/index.php\/parteneri-si-echipa\/#primaryimage\"},\"thumbnailUrl\":\"https:\/\/agroclim.ro\/wp-content\/uploads\/2020\/11\/indeco-logo-1-1-300x193.png\",\"datePublished\":\"2022-08-24T09:19:21+00:00\",\"dateModified\":\"2022-12-05T08:59:12+00:00\",\"breadcrumb\":{\"@id\":\"https:\/\/integrate.indecosoft.ro\/index.php\/parteneri-si-echipa\/#breadcrumb\"},\"inLanguage\":\"ro-RO\",\"potentialAction\":[{\"@type\":\"ReadAction\",\"target\":[\"https:\/\/integrate.indecosoft.ro\/index.php\/parteneri-si-echipa\/\"]}]},{\"@type\":\"ImageObject\",\"inLanguage\":\"ro-RO\",\"@id\":\"https:\/\/integrate.indecosoft.ro\/index.php\/parteneri-si-echipa\/#primaryimage\",\"url\":\"https:\/\/agroclim.ro\/wp-content\/uploads\/2020\/11\/indeco-logo-1-1-300x193.png\",\"contentUrl\":\"https:\/\/agroclim.ro\/wp-content\/uploads\/2020\/11\/indeco-logo-1-1-300x193.png\"},{\"@type\":\"BreadcrumbList\",\"@id\":\"https:\/\/integrate.indecosoft.ro\/index.php\/parteneri-si-echipa\/#breadcrumb\",\"itemListElement\":[{\"@type\":\"ListItem\",\"position\":1,\"name\":\"Prima pagin\u0103\",\"item\":\"https:\/\/integrate.indecosoft.ro\/\"},{\"@type\":\"ListItem\",\"position\":2,\"name\":\"Parteneri \u0219i echipa de cercetare\"}]},{\"@type\":\"WebSite\",\"@id\":\"https:\/\/integrate.indecosoft.ro\/#website\",\"url\":\"https:\/\/integrate.indecosoft.ro\/\",\"name\":\"\",\"description\":\"\",\"potentialAction\":[{\"@type\":\"SearchAction\",\"target\":{\"@type\":\"EntryPoint\",\"urlTemplate\":\"https:\/\/integrate.indecosoft.ro\/?s={search_term_string}\"},\"query-input\":{\"@type\":\"PropertyValueSpecification\",\"valueRequired\":true,\"valueName\":\"search_term_string\"}}],\"inLanguage\":\"ro-RO\"}]}<\/script>\n<!-- \/ Yoast SEO plugin. -->","yoast_head_json":{"title":"Parteneri \u0219i echipa de cercetare -","robots":{"index":"index","follow":"follow","max-snippet":"max-snippet:-1","max-image-preview":"max-image-preview:large","max-video-preview":"max-video-preview:-1"},"canonical":"https:\/\/integrate.indecosoft.ro\/index.php\/parteneri-si-echipa\/","og_locale":"ro_RO","og_type":"article","og_title":"Parteneri \u0219i echipa de cercetare -","og_description":"Indeco Soft&nbsp;(Project Leader) De peste 19 ani, Indeco Soft este o companie lider \u00een dezvoltare de software \u00een Rom\u00e2nia, oferind solu\u021bii de e-guvernare pentru peste 1000 de institu\u021bii publice (ora\u0219e, consilii jude\u021bene, \u0219coli, universit\u0103\u021bi \u0219i afaceri private). Solu\u021biile software ale companiei includ software conceput special pentru administra\u021bia public\u0103, \u00eentr-o solu\u021bie... Continue reading","og_url":"https:\/\/integrate.indecosoft.ro\/index.php\/parteneri-si-echipa\/","article_modified_time":"2022-12-05T08:59:12+00:00","og_image":[{"url":"https:\/\/agroclim.ro\/wp-content\/uploads\/2020\/11\/indeco-logo-1-1-300x193.png","type":"","width":"","height":""}],"twitter_card":"summary_large_image","twitter_misc":{"Timp estimat pentru citire":"3 minute"},"schema":{"@context":"https:\/\/schema.org","@graph":[{"@type":"WebPage","@id":"https:\/\/integrate.indecosoft.ro\/index.php\/parteneri-si-echipa\/","url":"https:\/\/integrate.indecosoft.ro\/index.php\/parteneri-si-echipa\/","name":"Parteneri \u0219i echipa de cercetare -","isPartOf":{"@id":"https:\/\/integrate.indecosoft.ro\/#website"},"primaryImageOfPage":{"@id":"https:\/\/integrate.indecosoft.ro\/index.php\/parteneri-si-echipa\/#primaryimage"},"image":{"@id":"https:\/\/integrate.indecosoft.ro\/index.php\/parteneri-si-echipa\/#primaryimage"},"thumbnailUrl":"https:\/\/agroclim.ro\/wp-content\/uploads\/2020\/11\/indeco-logo-1-1-300x193.png","datePublished":"2022-08-24T09:19:21+00:00","dateModified":"2022-12-05T08:59:12+00:00","breadcrumb":{"@id":"https:\/\/integrate.indecosoft.ro\/index.php\/parteneri-si-echipa\/#breadcrumb"},"inLanguage":"ro-RO","potentialAction":[{"@type":"ReadAction","target":["https:\/\/integrate.indecosoft.ro\/index.php\/parteneri-si-echipa\/"]}]},{"@type":"ImageObject","inLanguage":"ro-RO","@id":"https:\/\/integrate.indecosoft.ro\/index.php\/parteneri-si-echipa\/#primaryimage","url":"https:\/\/agroclim.ro\/wp-content\/uploads\/2020\/11\/indeco-logo-1-1-300x193.png","contentUrl":"https:\/\/agroclim.ro\/wp-content\/uploads\/2020\/11\/indeco-logo-1-1-300x193.png"},{"@type":"BreadcrumbList","@id":"https:\/\/integrate.indecosoft.ro\/index.php\/parteneri-si-echipa\/#breadcrumb","itemListElement":[{"@type":"ListItem","position":1,"name":"Prima pagin\u0103","item":"https:\/\/integrate.indecosoft.ro\/"},{"@type":"ListItem","position":2,"name":"Parteneri \u0219i echipa de cercetare"}]},{"@type":"WebSite","@id":"https:\/\/integrate.indecosoft.ro\/#website","url":"https:\/\/integrate.indecosoft.ro\/","name":"","description":"","potentialAction":[{"@type":"SearchAction","target":{"@type":"EntryPoint","urlTemplate":"https:\/\/integrate.indecosoft.ro\/?s={search_term_string}"},"query-input":{"@type":"PropertyValueSpecification","valueRequired":true,"valueName":"search_term_string"}}],"inLanguage":"ro-RO"}]}},"_links":{"self":[{"href":"https:\/\/integrate.indecosoft.ro\/index.php\/wp-json\/wp\/v2\/pages\/11","targetHints":{"allow":["GET"]}}],"collection":[{"href":"https:\/\/integrate.indecosoft.ro\/index.php\/wp-json\/wp\/v2\/pages"}],"about":[{"href":"https:\/\/integrate.indecosoft.ro\/index.php\/wp-json\/wp\/v2\/types\/page"}],"author":[{"embeddable":true,"href":"https:\/\/integrate.indecosoft.ro\/index.php\/wp-json\/wp\/v2\/users\/1"}],"replies":[{"embeddable":true,"href":"https:\/\/integrate.indecosoft.ro\/index.php\/wp-json\/wp\/v2\/comments?post=11"}],"version-history":[{"count":4,"href":"https:\/\/integrate.indecosoft.ro\/index.php\/wp-json\/wp\/v2\/pages\/11\/revisions"}],"predecessor-version":[{"id":324,"href":"https:\/\/integrate.indecosoft.ro\/index.php\/wp-json\/wp\/v2\/pages\/11\/revisions\/324"}],"wp:attachment":[{"href":"https:\/\/integrate.indecosoft.ro\/index.php\/wp-json\/wp\/v2\/media?parent=11"}],"curies":[{"name":"wp","href":"https:\/\/api.w.org\/{rel}","templated":true}]}}